{"id":11,"date":"2020-06-03T14:13:23","date_gmt":"2020-06-03T12:13:23","guid":{"rendered":"https:\/\/dev.dropalia.com\/jugueterosa\/my-account\/"},"modified":"2021-05-05T11:45:39","modified_gmt":"2021-05-05T09:45:39","slug":"mi-cuenta","status":"publish","type":"page","link":"https:\/\/dev.dropalia.com\/jugueterosa\/mi-cuenta\/","title":{"rendered":"Mi cuenta"},"content":{"rendered":"<div class=\"woocommerce\">\n<div class=\"woodmart-registration-page woodmart-register-tabs\">\n\n\n<div class=\"row\" id=\"customer_login\">\n\n\t<div class=\"col-12 col-md-6 col-login\">\n\n\n\t\t<h2 class=\"wd-login-title\">Acceder<\/h2>\n\n\t\t\t\t\t<form method=\"post\" class=\"login woocommerce-form woocommerce-form-login \" action=\"https:\/\/dev.dropalia.com\/jugueterosa\/mi-cuenta\/?action=login\" >\n\n\t\t\t\t\n\t\t\t\t\n\t\t\t\t<p class=\"woocommerce-FormRow woocommerce-FormRow--wide form-row form-row-wide form-row-username\">\n\t\t\t\t\t<label for=\"username\">Nombre de usuario o correo electr\u00f3nico&nbsp;<span class=\"required\">*<\/span><\/label>\n\t\t\t\t\t<input type=\"text\" class=\"woocommerce-Input woocommerce-Input--text input-text\" name=\"username\" id=\"username\" autocomplete=\"username\" value=\"\" \/>\n\t\t\t\t<\/p>\n\t\t\t\t<p class=\"woocommerce-FormRow woocommerce-FormRow--wide form-row form-row-wide form-row-password\">\n\t\t\t\t\t<label for=\"password\">Contrase\u00f1a&nbsp;<span class=\"required\">*<\/span><\/label>\n\t\t\t\t\t<input class=\"woocommerce-Input woocommerce-Input--text input-text\" type=\"password\" name=\"password\" id=\"password\" autocomplete=\"current-password\" \/>\n\t\t\t\t<\/p>\n\n\t\t\t\t\n\t\t\t\t<p class=\"form-row\">\n\t\t\t\t\t<input type=\"hidden\" id=\"woocommerce-login-nonce\" name=\"woocommerce-login-nonce\" value=\"5008704143\" \/><input type=\"hidden\" name=\"_wp_http_referer\" value=\"\/jugueterosa\/wp-json\/wp\/v2\/pages\/11\/\" \/>\t\t\t\t\t\t\t\t\t\t<button type=\"submit\" class=\"button woocommerce-button woocommerce-form-login__submit\" name=\"login\" value=\"Iniciar Sesi\u00f3n\">Iniciar Sesi\u00f3n<\/button>\n\t\t\t\t<\/p>\n\n\t\t\t\t<div class=\"login-form-footer\">\n\t\t\t\t\t<a href=\"https:\/\/dev.dropalia.com\/jugueterosa\/mi-cuenta\/lost-password\/\" class=\"woocommerce-LostPassword lost_password\">No recuerdo la contrase\u00f1a<\/a>\n\t\t\t\t\t<label class=\"woocommerce-form__label woocommerce-form__label-for-checkbox woocommerce-form-login__rememberme\">\n\t\t\t\t\t\t<input class=\"woocommerce-form__input woocommerce-form__input-checkbox\" name=\"rememberme\" type=\"checkbox\" value=\"forever\" \/> <span>Recordar sesi\u00f3n<\/span>\n\t\t\t\t\t<\/label>\n\t\t\t\t<\/div>\n\t\t\t\t\n\t\t\t\t\n\t\t\t\t\n\t\t\t<\/form>\n\n\t\t\t\t\n\n\t<\/div>\n\n\t<div class=\"col-12 col-md-6 col-register\">\n\n\t\t<h2 class=\"wd-login-title\">Registrarse<\/h2>\n\n\t\t<form method=\"post\" action=\"https:\/\/dev.dropalia.com\/jugueterosa\/mi-cuenta\/?action=register\" class=\"woocommerce-form woocommerce-form-register register\"  >\n\n\t\t\t\n\t\t\t\n\t\t\t<p class=\"woocommerce-FormRow woocommerce-FormRow--wide form-row form-row-wide\">\n\t\t\t\t<label for=\"reg_email\">Direcci\u00f3n de correo electr\u00f3nico&nbsp;<span class=\"required\">*<\/span><\/label>\n\t\t\t\t<input type=\"email\" class=\"woocommerce-Input woocommerce-Input--text input-text\" name=\"email\" id=\"reg_email\" autocomplete=\"email\" value=\"\" \/>\n\t\t\t<\/p>\n\n\t\t\t\n\t\t\t\t<p>Se enviar\u00e1 una contrase\u00f1a a tu direcci\u00f3n de correo electr\u00f3nico.<\/p>\n\n\t\t\t\n\t\t\t<!-- Spam Trap -->\n\t\t\t<div style=\"left: -999em; position: absolute;\"><label for=\"trap\">Anti-spam<\/label><input type=\"text\" name=\"email_2\" id=\"trap\" tabindex=\"-1\" \/><\/div>\n\n\t\t\t<p class=\"form-row form-row privacy validate-required\" id=\"privacy_policy_reg_field\" data-priority=\"\"><span class=\"woocommerce-input-wrapper\"><label class=\"checkbox woocommerce-form__label woocommerce-form__label-for-checkbox checkbox\" >\n\t\t\t\t\t\t<input type=\"checkbox\" class=\"input-checkbox woocommerce-form__input woocommerce-form__input-checkbox input-checkbox\" name=\"privacy_policy_reg\" id=\"privacy_policy_reg\" value=\"1\"  \/> He le\u00eddo y acepto la <a class=\"enlace\" href=\"https:\/\/dev.dropalia.com\/jugueterosa\/politica-de-privacidad\/\">Pol\u00edtica de Privacidad<\/a>.&nbsp;<abbr class=\"required\" title=\"obligatorio\">*<\/abbr><\/label><\/span><\/p><p class=\"form-row form-row mycheckbox validate-required\" id=\"privacy_policy_reg2_field\" data-priority=\"\"><span class=\"woocommerce-input-wrapper\"><label class=\"checkbox woocommerce-form__label woocommerce-form__label-for-checkbox checkbox\" >\n\t\t\t\t\t\t<input type=\"checkbox\" class=\"input-checkbox woocommerce-form__input woocommerce-form__input-checkbox input-checkbox\" name=\"privacy_policy_reg2\" id=\"privacy_policy_reg2\" value=\"1\"  \/> He le\u00eddo y acepto las <a class=\"enlace\" href=\"https:\/\/dev.dropalia.com\/jugueterosa\/condiciones-de-uso\/\">Condiciones de uso<\/a>.&nbsp;<abbr class=\"required\" title=\"obligatorio\">*<\/abbr><\/label><\/span><\/p>\t\t\t\n\t\t\t<p class=\"woocommerce-form-row form-row\">\n\t\t\t\t<input type=\"hidden\" id=\"_wpnonce\" name=\"_wpnonce\" value=\"2e01480be7\" \/><input type=\"hidden\" name=\"_wp_http_referer\" value=\"\/jugueterosa\/wp-json\/wp\/v2\/pages\/11\/\" \/>\t\t\t\t<button type=\"submit\" class=\"woocommerce-Button button\" name=\"register\" value=\"Registrarse\">Registrarse<\/button>\n\t\t\t<\/p>\n\n\t\t\t\n\t\t<\/form>\n\n\t<\/div>\n\n\t\t\t<div class=\"col-12 col-md-6 col-register-text\">\n\n\t\t\t<span class=\"register-or wood-login-divider\">Or<\/span>\n\n\t\t\t\n\t\t\t\t\t\t\t<h2 class=\"wd-login-title\">Register<\/h2>\n\t\t\t\n\t\t\t\n\t\t\t\t\t\t\t<div class=\"registration-info\">Registrarse en este sitio le permite acceder al estado e historial de sus pedidos. Complete todos los campos de forma sencilla.Solo le pediremos la informaci\u00f3n necesaria para que el proceso de compra sea m\u00e1s r\u00e1pido.<\/div>\n\t\t\t\n\t\t\t\n\t\t\t<a href=\"#\" class=\"btn woodmart-switch-to-register\" data-login=\"Acceder\" data-login-title=\"Login\" data-reg-title=\"Register\" data-register=\"Registrarse\">Registrarse<\/a>\n\n\t\t<\/div>\n\t\t\n<\/div>\n\n<\/div><!-- .woodmart-registration-page -->\n\n<\/div>\n","protected":false},"excerpt":{"rendered":"","protected":false},"author":1,"featured_media":0,"parent":0,"menu_order":0,"comment_status":"closed","ping_status":"closed","template":"","meta":[],"_links":{"self":[{"href":"https:\/\/dev.dropalia.com\/jugueterosa\/wp-json\/wp\/v2\/pages\/11"}],"collection":[{"href":"https:\/\/dev.dropalia.com\/jugueterosa\/wp-json\/wp\/v2\/pages"}],"about":[{"href":"https:\/\/dev.dropalia.com\/jugueterosa\/wp-json\/wp\/v2\/types\/page"}],"author":[{"embeddable":true,"href":"https:\/\/dev.dropalia.com\/jugueterosa\/wp-json\/wp\/v2\/users\/1"}],"replies":[{"embeddable":true,"href":"https:\/\/dev.dropalia.com\/jugueterosa\/wp-json\/wp\/v2\/comments?post=11"}],"version-history":[{"count":0,"href":"https:\/\/dev.dropalia.com\/jugueterosa\/wp-json\/wp\/v2\/pages\/11\/revisions"}],"wp:attachment":[{"href":"https:\/\/dev.dropalia.com\/jugueterosa\/wp-json\/wp\/v2\/media?parent=11"}],"curies":[{"name":"wp","href":"https:\/\/api.w.org\/{rel}","templated":true}]}}