{"id":3,"date":"2020-06-01T07:47:12","date_gmt":"2020-06-01T07:47:12","guid":{"rendered":"https:\/\/dev.dropalia.com\/jugueterosa\/?page_id=3"},"modified":"2021-05-14T20:28:46","modified_gmt":"2021-05-14T18:28:46","slug":"politica-de-privacidad","status":"publish","type":"page","link":"https:\/\/dev.dropalia.com\/jugueterosa\/politica-de-privacidad\/","title":{"rendered":"Pol\u00edtica de privacidad"},"content":{"rendered":"\t\t<div data-elementor-type=\"wp-page\" data-elementor-id=\"3\" class=\"elementor elementor-3\" data-elementor-settings=\"[]\">\n\t\t\t\t\t\t\t<div class=\"elementor-section-wrap\">\n\t\t\t\t\t\t\t<section class=\"elementor-section elementor-top-section elementor-element elementor-element-9c573d9 elementor-section-boxed elementor-section-height-default elementor-section-height-default wd-section-disabled\" data-id=\"9c573d9\" data-element_type=\"section\">\n\t\t\t\t\t\t<div class=\"elementor-container elementor-column-gap-default\">\n\t\t\t\t\t<div class=\"elementor-column elementor-col-100 elementor-top-column elementor-element elementor-element-ad4dd18\" data-id=\"ad4dd18\" data-element_type=\"column\">\n\t\t\t<div class=\"elementor-widget-wrap elementor-element-populated\">\n\t\t\t\t\t\t\t\t<div class=\"elementor-element elementor-element-e1f8208 elementor-widget elementor-widget-heading\" data-id=\"e1f8208\" data-element_type=\"widget\" data-widget_type=\"heading.default\">\n\t\t\t\t<div class=\"elementor-widget-container\">\n\t\t\t<h1 class=\"elementor-heading-title elementor-size-default\">Pol\u00edtica de privacidad y aviso legal<\/h1>\t\t<\/div>\n\t\t\t\t<\/div>\n\t\t\t\t<div class=\"elementor-element elementor-element-6beeeac color-scheme-inherit text-left elementor-widget elementor-widget-text-editor\" data-id=\"6beeeac\" data-element_type=\"widget\" data-widget_type=\"text-editor.default\">\n\t\t\t\t<div class=\"elementor-widget-container\">\n\t\t\t\t\t\t\t\t<p>En este apartado de nuestra web podr\u00e1s encontrar a tu disposici\u00f3n las condiciones legales. Todo explicado de una forma clara y sencilla, sin tecnicismos ni legalismos. Este es un resumen de lo que aqu\u00ed podr\u00e1s encontrar:<\/p>\t\t\t\t\t\t<\/div>\n\t\t\t\t<\/div>\n\t\t\t\t<div class=\"elementor-element elementor-element-1195c4a elementor-widget elementor-widget-wd_list\" data-id=\"1195c4a\" data-element_type=\"widget\" data-widget_type=\"wd_list.default\">\n\t\t\t\t<div class=\"elementor-widget-container\">\n\t\t\t\t\t<div class=\"woodmart-list color-scheme-dark woodmart-text-size-default woodmart-list-type-icon woodmart-list-style-default\">\n\t\t\t<ul>\n\t\t\t\t\t\t\t\t\t\t\t\t\t\t<li class=\"elementor-repeater-item-26d08c3\">\n\t\t\t\t\t\t\t\t\t\t\t\t\t<div class=\"list-icon\">\n\t\t\t\t\t\t\t\t<i class=\"fas fa-heart\"><\/i>\t\t\t\t\t\t\t<\/div>\n\t\t\t\t\t\t\t\t\t\t\t\t\n\t\t\t\t\t\t<span class=\"list-content\">\n\t\t\t\t\t\t\tNunca cedemos tus datos a terceros. \u00danicamente los utilizamos para poder prestarte el servicio que ofrece jugueterosa.com y poder hacerte llegar los emails en relaci\u00f3n a tus pedidos o aclaraci\u00f3n de tus dudas.\t\t\t\t\t\t<\/span>\n\t\t\t\t\t<\/li>\n\t\t\t\t\t\t\t\t\t\t\t\t\t\t<li class=\"elementor-repeater-item-a20d10c\">\n\t\t\t\t\t\t\t\t\t\t\t\t\t<div class=\"list-icon\">\n\t\t\t\t\t\t\t\t<i class=\"fas fa-heart\"><\/i>\t\t\t\t\t\t\t<\/div>\n\t\t\t\t\t\t\t\t\t\t\t\t\n\t\t\t\t\t\t<span class=\"list-content\">\n\t\t\t\t\t\t\tNo hacemos spam. En cualquier momento podr\u00e1s suscribirte a nuestra newsletter o ejercer tu cancelaci\u00f3n.\t\t\t\t\t\t<\/span>\n\t\t\t\t\t<\/li>\n\t\t\t\t\t\t\t\t\t\t\t\t\t\t<li class=\"elementor-repeater-item-e077dcc\">\n\t\t\t\t\t\t\t\t\t\t\t\t\t<div class=\"list-icon\">\n\t\t\t\t\t\t\t\t<i class=\"fas fa-heart\"><\/i>\t\t\t\t\t\t\t<\/div>\n\t\t\t\t\t\t\t\t\t\t\t\t\n\t\t\t\t\t\t<span class=\"list-content\">\n\t\t\t\t\t\t\tNo almacenamos nunca tus datos de tarjeta de cr\u00e9dito, los cuales siempre se reciben cifrados siguiendo todos los est\u00e1ndares de seguridad.\t\t\t\t\t\t<\/span>\n\t\t\t\t\t<\/li>\n\t\t\t\t\t\t\t<\/ul>\n\t\t<\/div>\n\t\t\n\t\t\t\t<\/div>\n\t\t\t\t<\/div>\n\t\t\t\t<div class=\"elementor-element elementor-element-888935e color-scheme-inherit text-left elementor-widget elementor-widget-text-editor\" data-id=\"888935e\" data-element_type=\"widget\" data-widget_type=\"text-editor.default\">\n\t\t\t\t<div class=\"elementor-widget-container\">\n\t\t\t\t\t\t\t\t<p>A continuaci\u00f3n podr\u00e1s encontrar el texto legal al completo:<\/p>\t\t\t\t\t\t<\/div>\n\t\t\t\t<\/div>\n\t\t\t\t\t<\/div>\n\t\t<\/div>\n\t\t\t\t\t\t\t<\/div>\n\t\t<\/section>\n\t\t\t\t<section class=\"elementor-section elementor-top-section elementor-element elementor-element-aecbb04 elementor-section-boxed elementor-section-height-default elementor-section-height-default wd-section-disabled\" data-id=\"aecbb04\" data-element_type=\"section\">\n\t\t\t\t\t\t<div class=\"elementor-container elementor-column-gap-default\">\n\t\t\t\t\t<div class=\"elementor-column elementor-col-100 elementor-top-column elementor-element elementor-element-7b5296f\" data-id=\"7b5296f\" data-element_type=\"column\">\n\t\t\t<div class=\"elementor-widget-wrap elementor-element-populated\">\n\t\t\t\t\t\t\t\t<div class=\"elementor-element elementor-element-da2bcf5 elementor-widget elementor-widget-heading\" data-id=\"da2bcf5\" data-element_type=\"widget\" data-widget_type=\"heading.default\">\n\t\t\t\t<div class=\"elementor-widget-container\">\n\t\t\t<h2 class=\"elementor-heading-title elementor-size-default\">Pol\u00edtica de privacidad<\/h2>\t\t<\/div>\n\t\t\t\t<\/div>\n\t\t\t\t<div class=\"elementor-element elementor-element-ad8e6ac color-scheme-inherit text-left elementor-widget elementor-widget-text-editor\" data-id=\"ad8e6ac\" data-element_type=\"widget\" data-widget_type=\"text-editor.default\">\n\t\t\t\t<div class=\"elementor-widget-container\">\n\t\t\t\t\t\t\t\t<p>GRUPO DROPALIA, S.L. informa seguidamente de su pol\u00edtica de privacidad aplicada a los datos personales. El uso de la p\u00e1gina web www.jugueterosa.comno implica que el usuario deba suministrar informaci\u00f3n alguna respecto a su identidad, no pudiendo ser asociada a un usuario concreto por la empresa. En el supuesto que se suministre datos de car\u00e1cter de personal, estos datos ser\u00e1n recogidos y utilizados conforme a las limitaciones y los derechos recogidos en la citada norma.<\/p>\t\t\t\t\t\t<\/div>\n\t\t\t\t<\/div>\n\t\t\t\t<div class=\"elementor-element elementor-element-49ac983 elementor-widget elementor-widget-heading\" data-id=\"49ac983\" data-element_type=\"widget\" data-widget_type=\"heading.default\">\n\t\t\t\t<div class=\"elementor-widget-container\">\n\t\t\t<h2 class=\"elementor-heading-title elementor-size-default\">\u00bfQui\u00e9n es el Responsable del tratamiento de sus datos?\n<\/h2>\t\t<\/div>\n\t\t\t\t<\/div>\n\t\t\t\t<div class=\"elementor-element elementor-element-1691ead color-scheme-inherit text-left elementor-widget elementor-widget-text-editor\" data-id=\"1691ead\" data-element_type=\"widget\" data-widget_type=\"text-editor.default\">\n\t\t\t\t<div class=\"elementor-widget-container\">\n\t\t\t\t\t\t\t\t<p><strong>Identidad:\u00a0<\/strong>GRUPO DROPALIA, S.L.<\/p><p><strong>CIF:<\/strong>\u00a0B54656798<\/p><p><strong>Direcci\u00f3n postal:<\/strong> Calle Doctor Francisco Antonio Balmis y Berenguer n\u00ba 6, 2\u00baA 03560 El Campello<\/p><p><strong>Tel\u00e9fono:\u00a0<\/strong>638372775<\/p><p><strong>Correo electr\u00f3nico:<\/strong> info@jugueterosa.com<\/p>\t\t\t\t\t\t<\/div>\n\t\t\t\t<\/div>\n\t\t\t\t<div class=\"elementor-element elementor-element-6b8af3e elementor-widget elementor-widget-heading\" data-id=\"6b8af3e\" data-element_type=\"widget\" data-widget_type=\"heading.default\">\n\t\t\t\t<div class=\"elementor-widget-container\">\n\t\t\t<h3 class=\"elementor-heading-title elementor-size-default\">\u00bfCon qu\u00e9 finalidad tratamos sus datos personales?\n<\/h3>\t\t<\/div>\n\t\t\t\t<\/div>\n\t\t\t\t<div class=\"elementor-element elementor-element-6e39c5a color-scheme-inherit text-left elementor-widget elementor-widget-text-editor\" data-id=\"6e39c5a\" data-element_type=\"widget\" data-widget_type=\"text-editor.default\">\n\t\t\t\t<div class=\"elementor-widget-container\">\n\t\t\t\t\t\t\t\t<p>En GRUPO DROPALIA, S.L. usamos sus datos personales \u00fanicamente para dar respuesta a las solicitudes remitidas por usted desde los medios facilitados en nuestra web. El tratamiento que realizaremos ser\u00e1 \u00fanicamente atender a las consultas que nos plantee.<\/p>\t\t\t\t\t\t<\/div>\n\t\t\t\t<\/div>\n\t\t\t\t<div class=\"elementor-element elementor-element-3b3181f elementor-widget elementor-widget-heading\" data-id=\"3b3181f\" data-element_type=\"widget\" data-widget_type=\"heading.default\">\n\t\t\t\t<div class=\"elementor-widget-container\">\n\t\t\t<h2 class=\"elementor-heading-title elementor-size-default\">\u00bfCu\u00e1l es la legitimaci\u00f3n para el tratamiento de sus datos?\n<\/h2>\t\t<\/div>\n\t\t\t\t<\/div>\n\t\t\t\t<div class=\"elementor-element elementor-element-ef6b76c color-scheme-inherit text-left elementor-widget elementor-widget-text-editor\" data-id=\"ef6b76c\" data-element_type=\"widget\" data-widget_type=\"text-editor.default\">\n\t\t\t\t<div class=\"elementor-widget-container\">\n\t\t\t\t\t\t\t\t<p>La base legal para el tratamiento de sus datos es el consentimiento informado para dar respuesta a las consultas planteadas a trav\u00e9s de la p\u00e1gina web, lo que supone la aceptaci\u00f3n de estas condiciones por parte del interesado.<\/p>\t\t\t\t\t\t<\/div>\n\t\t\t\t<\/div>\n\t\t\t\t<div class=\"elementor-element elementor-element-062aea5 elementor-widget elementor-widget-heading\" data-id=\"062aea5\" data-element_type=\"widget\" data-widget_type=\"heading.default\">\n\t\t\t\t<div class=\"elementor-widget-container\">\n\t\t\t<h3 class=\"elementor-heading-title elementor-size-default\">\u00bfA qu\u00e9 destinatarios se comunicar\u00e1n sus datos?\n<\/h3>\t\t<\/div>\n\t\t\t\t<\/div>\n\t\t\t\t<div class=\"elementor-element elementor-element-9de2641 color-scheme-inherit text-left elementor-widget elementor-widget-text-editor\" data-id=\"9de2641\" data-element_type=\"widget\" data-widget_type=\"text-editor.default\">\n\t\t\t\t<div class=\"elementor-widget-container\">\n\t\t\t\t\t\t\t\t<p>Los datos personales no ser\u00e1n proporcionados a terceros salvo obligaci\u00f3n legal.<\/p>\t\t\t\t\t\t<\/div>\n\t\t\t\t<\/div>\n\t\t\t\t<div class=\"elementor-element elementor-element-8aa82eb elementor-widget elementor-widget-heading\" data-id=\"8aa82eb\" data-element_type=\"widget\" data-widget_type=\"heading.default\">\n\t\t\t\t<div class=\"elementor-widget-container\">\n\t\t\t<h3 class=\"elementor-heading-title elementor-size-default\">\u00bfPor cu\u00e1nto tiempo conservaremos sus datos?\n<\/h3>\t\t<\/div>\n\t\t\t\t<\/div>\n\t\t\t\t<div class=\"elementor-element elementor-element-c492ab1 color-scheme-inherit text-left elementor-widget elementor-widget-text-editor\" data-id=\"c492ab1\" data-element_type=\"widget\" data-widget_type=\"text-editor.default\">\n\t\t\t\t<div class=\"elementor-widget-container\">\n\t\t\t\t\t\t\t\t<p>Los datos ser\u00e1n conservados el tiempo necesario para dar respuesta a las consultas, y posteriormente 12 meses para evitar posibles errores o malentendidos.<\/p>\t\t\t\t\t\t<\/div>\n\t\t\t\t<\/div>\n\t\t\t\t<div class=\"elementor-element elementor-element-a5cc37c elementor-widget elementor-widget-heading\" data-id=\"a5cc37c\" data-element_type=\"widget\" data-widget_type=\"heading.default\">\n\t\t\t\t<div class=\"elementor-widget-container\">\n\t\t\t<h3 class=\"elementor-heading-title elementor-size-default\">\u00bfCu\u00e1les son sus derechos cuando nos facilita sus datos?\n<\/h3>\t\t<\/div>\n\t\t\t\t<\/div>\n\t\t\t\t<div class=\"elementor-element elementor-element-05ae498 color-scheme-inherit text-left elementor-widget elementor-widget-text-editor\" data-id=\"05ae498\" data-element_type=\"widget\" data-widget_type=\"text-editor.default\">\n\t\t\t\t<div class=\"elementor-widget-container\">\n\t\t\t\t\t\t\t\t<p>Tiene derecho a obtener confirmaci\u00f3n sobre si en GRUPO DROPALIA, S.L. estamos tratando datos personales que les conciernan, o no. Tambi\u00e9n tiene derecho a acceder a sus datos personales, as\u00ed como a solicitar la rectificaci\u00f3n de los datos inexactos o, en su caso, solicitar su supresi\u00f3n cuando, entre otros motivos, los datos ya no sean necesarios para los fines que fueron recogidos.<\/p><p>En determinadas circunstancias, podr\u00e1 solicitar la limitaci\u00f3n del tratamiento de sus datos, en cuyo caso \u00fanicamente los conservaremos para el ejercicio o la defensa de reclamaciones. Por motivos relacionados con su situaci\u00f3n particular, tambi\u00e9n podr\u00e1 oponerse al tratamiento de sus datos.<\/p><p>GRUPO DROPALIA, S.L. dejar\u00e1 de tratar los datos, salvo por motivos leg\u00edtimos imperiosos, o el ejercicio o la defensa de posibles reclamaciones. Recuerde que en todo momento podr\u00e1 presentar una reclamaci\u00f3n ante la autoridad de control.<\/p>\t\t\t\t\t\t<\/div>\n\t\t\t\t<\/div>\n\t\t\t\t<div class=\"elementor-element elementor-element-935ca4c elementor-widget elementor-widget-heading\" data-id=\"935ca4c\" data-element_type=\"widget\" data-widget_type=\"heading.default\">\n\t\t\t\t<div class=\"elementor-widget-container\">\n\t\t\t<h3 class=\"elementor-heading-title elementor-size-default\">\u00bfC\u00f3mo hemos obtenido sus datos?\n<\/h3>\t\t<\/div>\n\t\t\t\t<\/div>\n\t\t\t\t<div class=\"elementor-element elementor-element-c05ad9a color-scheme-inherit text-left elementor-widget elementor-widget-text-editor\" data-id=\"c05ad9a\" data-element_type=\"widget\" data-widget_type=\"text-editor.default\">\n\t\t\t\t<div class=\"elementor-widget-container\">\n\t\t\t\t\t\t\t\t<p>Los datos personales que tratamos han sido proporcionados directamente por usted a trav\u00e9s de los diferentes formularios de los que dispone la p\u00e1gina web.<\/p><p>\u00danicamente se tratar\u00e1n los datos identificativos y de contacto facilitados.<\/p>\t\t\t\t\t\t<\/div>\n\t\t\t\t<\/div>\n\t\t\t\t<div class=\"elementor-element elementor-element-4c09bb7 elementor-widget elementor-widget-heading\" data-id=\"4c09bb7\" data-element_type=\"widget\" data-widget_type=\"heading.default\">\n\t\t\t\t<div class=\"elementor-widget-container\">\n\t\t\t<h2 class=\"elementor-heading-title elementor-size-default\">Uso de Cookies\n<\/h2>\t\t<\/div>\n\t\t\t\t<\/div>\n\t\t\t\t<div class=\"elementor-element elementor-element-0d8d1c6 color-scheme-inherit text-left elementor-widget elementor-widget-text-editor\" data-id=\"0d8d1c6\" data-element_type=\"widget\" data-widget_type=\"text-editor.default\">\n\t\t\t\t<div class=\"elementor-widget-container\">\n\t\t\t\t\t\t\t\t<p>Los datos personales que tratamos han sido proporcionados directamente por usted a trav\u00e9s de los diferentes formularios de los que dispone la p\u00e1gina web.<\/p><p>\u00danicamente se tratar\u00e1n los datos identificativos y de contacto facilitados.<\/p><p>Puedes ver m\u00e1s informaci\u00f3n en nuestra <strong><a style=\"color: #fe4a6b;\" href=\"https:\/\/dev.dropalia.com\/jugueterosa\/politica-de-cookies\/\">Pol\u00edtica de Cookies<\/a>.<\/strong><\/p>\t\t\t\t\t\t<\/div>\n\t\t\t\t<\/div>\n\t\t\t\t\t<\/div>\n\t\t<\/div>\n\t\t\t\t\t\t\t<\/div>\n\t\t<\/section>\n\t\t\t\t\t\t<\/div>\n\t\t\t\t\t<\/div>\n\t\t","protected":false},"excerpt":{"rendered":"<p>Pol\u00edtica de privacidad y aviso legal En este apartado de nuestra web podr\u00e1s encontrar a tu disposici\u00f3n las condiciones legales.<\/p>\n","protected":false},"author":1,"featured_media":0,"parent":0,"menu_order":0,"comment_status":"closed","ping_status":"open","template":"","meta":[],"_links":{"self":[{"href":"https:\/\/dev.dropalia.com\/jugueterosa\/wp-json\/wp\/v2\/pages\/3"}],"collection":[{"href":"https:\/\/dev.dropalia.com\/jugueterosa\/wp-json\/wp\/v2\/pages"}],"about":[{"href":"https:\/\/dev.dropalia.com\/jugueterosa\/wp-json\/wp\/v2\/types\/page"}],"author":[{"embeddable":true,"href":"https:\/\/dev.dropalia.com\/jugueterosa\/wp-json\/wp\/v2\/users\/1"}],"replies":[{"embeddable":true,"href":"https:\/\/dev.dropalia.com\/jugueterosa\/wp-json\/wp\/v2\/comments?post=3"}],"version-history":[{"count":0,"href":"https:\/\/dev.dropalia.com\/jugueterosa\/wp-json\/wp\/v2\/pages\/3\/revisions"}],"wp:attachment":[{"href":"https:\/\/dev.dropalia.com\/jugueterosa\/wp-json\/wp\/v2\/media?parent=3"}],"curies":[{"name":"wp","href":"https:\/\/api.w.org\/{rel}","templated":true}]}}