{"id":4280,"date":"2021-02-23T09:52:46","date_gmt":"2021-02-23T08:52:46","guid":{"rendered":"https:\/\/dev.dropalia.com\/jugueterosa\/?page_id=4280"},"modified":"2021-05-05T10:14:12","modified_gmt":"2021-05-05T08:14:12","slug":"politica-de-cookies","status":"publish","type":"page","link":"https:\/\/dev.dropalia.com\/jugueterosa\/politica-de-cookies\/","title":{"rendered":"Pol\u00edtica de Cookies"},"content":{"rendered":"\t\t<div data-elementor-type=\"wp-page\" data-elementor-id=\"4280\" class=\"elementor elementor-4280\" data-elementor-settings=\"[]\">\n\t\t\t\t\t\t\t<div class=\"elementor-section-wrap\">\n\t\t\t\t\t\t\t<section class=\"elementor-section elementor-top-section elementor-element elementor-element-58a1093 elementor-section-boxed elementor-section-height-default elementor-section-height-default wd-section-disabled\" data-id=\"58a1093\" data-element_type=\"section\">\n\t\t\t\t\t\t<div class=\"elementor-container elementor-column-gap-default\">\n\t\t\t\t\t<div class=\"elementor-column elementor-col-100 elementor-top-column elementor-element elementor-element-1b93ea7\" data-id=\"1b93ea7\" data-element_type=\"column\">\n\t\t\t<div class=\"elementor-widget-wrap elementor-element-populated\">\n\t\t\t\t\t\t\t\t<div class=\"elementor-element elementor-element-0f349a9 elementor-widget elementor-widget-heading\" data-id=\"0f349a9\" data-element_type=\"widget\" data-widget_type=\"heading.default\">\n\t\t\t\t<div class=\"elementor-widget-container\">\n\t\t\t<h1 class=\"elementor-heading-title elementor-size-default\">Pol\u00edtica de Cookies<\/h1>\t\t<\/div>\n\t\t\t\t<\/div>\n\t\t\t\t<div class=\"elementor-element elementor-element-f7e6e7c color-scheme-inherit text-left elementor-widget elementor-widget-text-editor\" data-id=\"f7e6e7c\" data-element_type=\"widget\" data-widget_type=\"text-editor.default\">\n\t\t\t\t<div class=\"elementor-widget-container\">\n\t\t\t\t\t\t\t\t<p>Durante la navegaci\u00f3n en Juguete Rosa se descargar\u00e1n peque\u00f1os ficheros denominados Cookies. Estos ficheros nos permiten reservar y recuperar informaci\u00f3n sobre tus datos de navegaci\u00f3n y el equipo que usas, de manera que podamos reconocerte como usuario.<\/p>\t\t\t\t\t\t<\/div>\n\t\t\t\t<\/div>\n\t\t\t\t<div class=\"elementor-element elementor-element-c6a2b60 elementor-widget elementor-widget-heading\" data-id=\"c6a2b60\" data-element_type=\"widget\" data-widget_type=\"heading.default\">\n\t\t\t\t<div class=\"elementor-widget-container\">\n\t\t\t<h2 class=\"elementor-heading-title elementor-size-default\">Tipos de Cookies utilizadas<\/h2>\t\t<\/div>\n\t\t\t\t<\/div>\n\t\t\t\t<div class=\"elementor-element elementor-element-b55909f color-scheme-inherit text-left elementor-widget elementor-widget-text-editor\" data-id=\"b55909f\" data-element_type=\"widget\" data-widget_type=\"text-editor.default\">\n\t\t\t\t<div class=\"elementor-widget-container\">\n\t\t\t\t\t\t\t\t<p>Nuestra p\u00e1gina web utiliza:<\/p>\t\t\t\t\t\t<\/div>\n\t\t\t\t<\/div>\n\t\t\t\t<div class=\"elementor-element elementor-element-d123da5 elementor-widget elementor-widget-wd_list\" data-id=\"d123da5\" data-element_type=\"widget\" data-widget_type=\"wd_list.default\">\n\t\t\t\t<div class=\"elementor-widget-container\">\n\t\t\t\t\t<div class=\"woodmart-list color-scheme-dark woodmart-text-size-default woodmart-list-type-icon woodmart-list-style-default\">\n\t\t\t<ul>\n\t\t\t\t\t\t\t\t\t\t\t\t\t\t<li class=\"elementor-repeater-item-26d08c3\">\n\t\t\t\t\t\t\t\t\t\t\t\t\t<div class=\"list-icon\">\n\t\t\t\t\t\t\t\t<i class=\"fas fa-heart\"><\/i>\t\t\t\t\t\t\t<\/div>\n\t\t\t\t\t\t\t\t\t\t\t\t\n\t\t\t\t\t\t<span class=\"list-content\">\n\t\t\t\t\t\t\tCookies propias: las que nosotros estamos enviando a tu ordenador, smartphone o tablet desde JugueteRosa.com\t\t\t\t\t\t<\/span>\n\t\t\t\t\t<\/li>\n\t\t\t\t\t\t\t\t\t\t\t\t\t\t<li class=\"elementor-repeater-item-a20d10c\">\n\t\t\t\t\t\t\t\t\t\t\t\t\t<div class=\"list-icon\">\n\t\t\t\t\t\t\t\t<i class=\"fas fa-heart\"><\/i>\t\t\t\t\t\t\t<\/div>\n\t\t\t\t\t\t\t\t\t\t\t\t\n\t\t\t\t\t\t<span class=\"list-content\">\n\t\t\t\t\t\t\tCookies de terceros: los ficheros que dominios o p\u00e1ginas web no gestionados por nosotros env\u00edan a tu terminal, con el objetivo de tratar los datos obtenidos a trav\u00e9s de las cookies. \n\n\t\t\t\t\t\t<\/span>\n\t\t\t\t\t<\/li>\n\t\t\t\t\t\t\t\t\t\t\t\t\t\t<li class=\"elementor-repeater-item-e077dcc\">\n\t\t\t\t\t\t\t\t\t\t\t\t\t<div class=\"list-icon\">\n\t\t\t\t\t\t\t\t<i class=\"fas fa-heart\"><\/i>\t\t\t\t\t\t\t<\/div>\n\t\t\t\t\t\t\t\t\t\t\t\t\n\t\t\t\t\t\t<span class=\"list-content\">\n\t\t\t\t\t\t\tCookies de sesi\u00f3n: dise\u00f1ados para el almacenamiento de datos durante tu navegaci\u00f3n en nuestra web. Te muestran, por ejemplo, los productos que has visto.\n\n\t\t\t\t\t\t<\/span>\n\t\t\t\t\t<\/li>\n\t\t\t\t\t\t\t\t\t\t\t\t\t\t<li class=\"elementor-repeater-item-99088c3\">\n\t\t\t\t\t\t\t\t\t\t\t\t\t<div class=\"list-icon\">\n\t\t\t\t\t\t\t\t<i class=\"fas fa-heart\"><\/i>\t\t\t\t\t\t\t<\/div>\n\t\t\t\t\t\t\t\t\t\t\t\t\n\t\t\t\t\t\t<span class=\"list-content\">\n\t\t\t\t\t\t\tCookies persistentes: se mantienen almacenador en el terminal y son aquellas que nos ayudan a recordarte para tus pr\u00f3ximas visitas, haciendo que tus visitas sean m\u00e1s r\u00e1pidas y sencillas, ya que mantenemos tus ajustes. \n\n\t\t\t\t\t\t<\/span>\n\t\t\t\t\t<\/li>\n\t\t\t\t\t\t\t\t\t\t\t\t\t\t<li class=\"elementor-repeater-item-4f9b59c\">\n\t\t\t\t\t\t\t\t\t\t\t\t\t<div class=\"list-icon\">\n\t\t\t\t\t\t\t\t<i class=\"fas fa-heart\"><\/i>\t\t\t\t\t\t\t<\/div>\n\t\t\t\t\t\t\t\t\t\t\t\t\n\t\t\t\t\t\t<span class=\"list-content\">\n\t\t\t\t\t\t\tCookies de an\u00e1lisis: Juguete Rosa hace uso de Google Analytics con el \u00fanico objetivo de realizar mediciones y an\u00e1lisis estad\u00edsticos de la utilizaci\u00f3n de nuestros usuarios, con el fin de mejorar nuestros productos. As\u00ed mismo, hace uso de Tawk.to para poder gestionar nuestro chat.\t\t\t\t\t\t<\/span>\n\t\t\t\t\t<\/li>\n\t\t\t\t\t\t\t\t\t\t\t\t\t\t<li class=\"elementor-repeater-item-f1f1384\">\n\t\t\t\t\t\t\t\t\t\t\t\t\t<div class=\"list-icon\">\n\t\t\t\t\t\t\t\t<i class=\"fas fa-heart\"><\/i>\t\t\t\t\t\t\t<\/div>\n\t\t\t\t\t\t\t\t\t\t\t\t\n\t\t\t\t\t\t<span class=\"list-content\">\n\t\t\t\t\t\t\tCookies publicitarias: nos permiten gestionar de forma eficiente la publicidad de nuestra web. De esta manera s\u00f3lo te mostraremos aquello que, en funci\u00f3n de tus h\u00e1bitos de navegaci\u00f3n, te resulte interesante.\n\n\t\t\t\t\t\t<\/span>\n\t\t\t\t\t<\/li>\n\t\t\t\t\t\t\t<\/ul>\n\t\t<\/div>\n\t\t\n\t\t\t\t<\/div>\n\t\t\t\t<\/div>\n\t\t\t\t<div class=\"elementor-element elementor-element-748368e elementor-widget elementor-widget-heading\" data-id=\"748368e\" data-element_type=\"widget\" data-widget_type=\"heading.default\">\n\t\t\t\t<div class=\"elementor-widget-container\">\n\t\t\t<h2 class=\"elementor-heading-title elementor-size-default\">Administraci\u00f3n de las Cookies<\/h2>\t\t<\/div>\n\t\t\t\t<\/div>\n\t\t\t\t<div class=\"elementor-element elementor-element-33c9d76 color-scheme-inherit text-left elementor-widget elementor-widget-text-editor\" data-id=\"33c9d76\" data-element_type=\"widget\" data-widget_type=\"text-editor.default\">\n\t\t\t\t<div class=\"elementor-widget-container\">\n\t\t\t\t\t\t\t\t<p>Si quieres, puedes permitir, bloquear y borrar las cookies que se hayan instalado en tu navegador. Todos los navegadores, desde su apartado de configuraci\u00f3n, permiten llevar a cabo estas acciones. \u00bfNecesitas m\u00e1s informaci\u00f3n?<\/p><p>Si utilizas <strong>Firefox: <\/strong>\u00a0<a href=\"https:\/\/support.mozilla.org\/es\/kb\/habilitar-y-deshabilitar-cookies-sitios-web-rastrear-preferencias?redirectlocale=es&amp;redirectslug=habilitar-y-deshabilitar-cookies-que-los-sitios-we\">https:\/\/support.mozilla.org\/es\/kb\/habilitar-y-deshabilitar-cookies-sitios-web-rastrear-preferencias?redirectlocale=es&amp;redirectslug=habilitar-y-deshabilitar-cookies-que-los-sitios-we<\/a><\/p><p>Si prefieres <strong>Chrome:<\/strong>\u00a0<a href=\"https:\/\/support.google.com\/chrome\/answer\/95647?hl=es\">https:\/\/support.google.com\/chrome\/answer\/95647?hl=es<\/a><\/p><p>Si utilizas <strong>Internet Explorer<\/strong>: <a href=\"https:\/\/support.microsoft.com\/es-es\/help\/17442\/windows-internet-explorer-delete-manage-cookies\">https:\/\/support.microsoft.com\/es-es\/help\/17442\/windows-internet-explorer-delete-manage-cookies<\/a><\/p><p>Si \u00a0has optado por usar <strong>Safari<\/strong>: <a href=\"https:\/\/support.apple.com\/kb\/PH19214?viewlocale=es_ES&amp;locale=es_ES\">https:\/\/support.apple.com\/kb\/PH19214?viewlocale=es_ES&amp;locale=es_ES<\/a><\/p><p>Y si usas <strong>\u00d3pera:<\/strong>\u00a0<a href=\"http:\/\/help.opera.com\/Windows\/11.50\/es-ES\/cookies.html\">http:\/\/help.opera.com\/Windows\/11.50\/es-ES\/cookies.html<\/a><\/p>\t\t\t\t\t\t<\/div>\n\t\t\t\t<\/div>\n\t\t\t\t\t<\/div>\n\t\t<\/div>\n\t\t\t\t\t\t\t<\/div>\n\t\t<\/section>\n\t\t\t\t\t\t<\/div>\n\t\t\t\t\t<\/div>\n\t\t","protected":false},"excerpt":{"rendered":"<p>Pol\u00edtica de Cookies Durante la navegaci\u00f3n en Juguete Rosa se descargar\u00e1n peque\u00f1os ficheros denominados Cookies. Estos ficheros nos permiten reservar<\/p>\n","protected":false},"author":1,"featured_media":0,"parent":0,"menu_order":0,"comment_status":"closed","ping_status":"closed","template":"","meta":[],"_links":{"self":[{"href":"https:\/\/dev.dropalia.com\/jugueterosa\/wp-json\/wp\/v2\/pages\/4280"}],"collection":[{"href":"https:\/\/dev.dropalia.com\/jugueterosa\/wp-json\/wp\/v2\/pages"}],"about":[{"href":"https:\/\/dev.dropalia.com\/jugueterosa\/wp-json\/wp\/v2\/types\/page"}],"author":[{"embeddable":true,"href":"https:\/\/dev.dropalia.com\/jugueterosa\/wp-json\/wp\/v2\/users\/1"}],"replies":[{"embeddable":true,"href":"https:\/\/dev.dropalia.com\/jugueterosa\/wp-json\/wp\/v2\/comments?post=4280"}],"version-history":[{"count":0,"href":"https:\/\/dev.dropalia.com\/jugueterosa\/wp-json\/wp\/v2\/pages\/4280\/revisions"}],"wp:attachment":[{"href":"https:\/\/dev.dropalia.com\/jugueterosa\/wp-json\/wp\/v2\/media?parent=4280"}],"curies":[{"name":"wp","href":"https:\/\/api.w.org\/{rel}","templated":true}]}}