{"id":6353,"date":"2021-05-04T18:22:00","date_gmt":"2021-05-04T16:22:00","guid":{"rendered":"https:\/\/dev.dropalia.com\/jugueterosa\/?page_id=6353"},"modified":"2021-05-17T12:02:57","modified_gmt":"2021-05-17T10:02:57","slug":"metodos-de-envio-y-entrega","status":"publish","type":"page","link":"https:\/\/dev.dropalia.com\/jugueterosa\/metodos-de-envio-y-entrega\/","title":{"rendered":"M\u00e9todos de env\u00edo y entrega"},"content":{"rendered":"\t\t<div data-elementor-type=\"wp-page\" data-elementor-id=\"6353\" class=\"elementor elementor-6353\" data-elementor-settings=\"[]\">\n\t\t\t\t\t\t\t<div class=\"elementor-section-wrap\">\n\t\t\t\t\t\t\t<section class=\"elementor-section elementor-top-section elementor-element elementor-element-49c0963 elementor-section-boxed elementor-section-height-default elementor-section-height-default wd-section-disabled\" data-id=\"49c0963\" data-element_type=\"section\">\n\t\t\t\t\t\t<div class=\"elementor-container elementor-column-gap-default\">\n\t\t\t\t\t<div class=\"elementor-column elementor-col-100 elementor-top-column elementor-element elementor-element-6c6130a\" data-id=\"6c6130a\" data-element_type=\"column\">\n\t\t\t<div class=\"elementor-widget-wrap elementor-element-populated\">\n\t\t\t\t\t\t\t\t<div class=\"elementor-element elementor-element-c9b4000 elementor-headline--style-highlight elementor-widget elementor-widget-animated-headline\" data-id=\"c9b4000\" data-element_type=\"widget\" data-settings=\"{&quot;highlighted_text&quot;:&quot;env\\u00edo y entrega&quot;,&quot;headline_style&quot;:&quot;highlight&quot;,&quot;marker&quot;:&quot;circle&quot;,&quot;loop&quot;:&quot;yes&quot;,&quot;highlight_animation_duration&quot;:1200,&quot;highlight_iteration_delay&quot;:8000}\" data-widget_type=\"animated-headline.default\">\n\t\t\t\t<div class=\"elementor-widget-container\">\n\t\t\t\t\t<h1 class=\"elementor-headline\">\n\t\t\t\t\t<span class=\"elementor-headline-plain-text elementor-headline-text-wrapper\">M\u00e9todos de<\/span>\n\t\t\t\t<span class=\"elementor-headline-dynamic-wrapper elementor-headline-text-wrapper\">\n\t\t\t\t\t<span class=\"elementor-headline-dynamic-text elementor-headline-text-active\">env\u00edo y entrega<\/span>\n\t\t\t\t<\/span>\n\t\t\t\t<\/h1>\n\t\t\t\t<\/div>\n\t\t\t\t<\/div>\n\t\t\t\t<div class=\"elementor-element elementor-element-52c909e color-scheme-inherit text-left elementor-widget elementor-widget-text-editor\" data-id=\"52c909e\" data-element_type=\"widget\" data-widget_type=\"text-editor.default\">\n\t\t\t\t<div class=\"elementor-widget-container\">\n\t\t\t\t\t\t\t\t<p>Aqu\u00ed trataremos de dar respuesta a las preguntas m\u00e1s frecuentes en cuanto a nuestro m\u00e9todo de env\u00edo y entrega para que conozcas en todo momento c\u00f3mo funcionamos. Pero si despu\u00e9s de leer esto, todav\u00eda te siguen quedando algunas dudas, no dudes en ponerte en contacto con nosotros y te las resolveremos encantados.\u00a0<\/p><p>Recuerda que todos nuestros env\u00edos son siempre discretos: las cajas no llevan ning\u00fan tipo de serigraf\u00eda y en el remitente aparecer\u00e1 siempre \u00abOperador Log\u00edstico\u00bb. Todo para que s\u00f3lo t\u00fa (y quien t\u00fa quieras) seas el \u00fanico que sepa qu\u00e9 hay dentro de la caja.<\/p><p>Dejamos aqu\u00ed un \u00edndice de lo que encontrar\u00e1s en esta p\u00e1gina:<\/p>\t\t\t\t\t\t<\/div>\n\t\t\t\t<\/div>\n\t\t\t\t<div class=\"elementor-element elementor-element-804d800 elementor-widget elementor-widget-wd_list\" data-id=\"804d800\" data-element_type=\"widget\" data-widget_type=\"wd_list.default\">\n\t\t\t\t<div class=\"elementor-widget-container\">\n\t\t\t\t\t<div class=\"woodmart-list color-scheme-dark woodmart-text-size-medium woodmart-list-type-icon woodmart-list-style-rounded woodmart-list-shape-icon\">\n\t\t\t<ul>\n\t\t\t\t\t\t\t\t\t\t\t\t\t\t<li class=\"elementor-repeater-item-f20a5a4\">\n\t\t\t\t\t\t\t\t\t\t\t\t\t<div class=\"list-icon\">\n\t\t\t\t\t\t\t\t<i class=\"fas fa-heart\"><\/i>\t\t\t\t\t\t\t<\/div>\n\t\t\t\t\t\t\t\t\t\t\t\t\n\t\t\t\t\t\t<span class=\"list-content\">\n\t\t\t\t\t\t\t<a style=\"color:#000; font-weight:500;\"  href=\"#ciudades\">A qu\u00e9 ciudades enviamos<\/a>\t\t\t\t\t\t<\/span>\n\t\t\t\t\t<\/li>\n\t\t\t\t\t\t\t\t\t\t\t\t\t\t<li class=\"elementor-repeater-item-805ba8b\">\n\t\t\t\t\t\t\t\t\t\t\t\t\t<div class=\"list-icon\">\n\t\t\t\t\t\t\t\t<i class=\"fas fa-heart\"><\/i>\t\t\t\t\t\t\t<\/div>\n\t\t\t\t\t\t\t\t\t\t\t\t\n\t\t\t\t\t\t<span class=\"list-content\">\n\t\t\t\t\t\t\t<a style=\"color:#000; font-weight:500;\"  href=\"#quienes\">A qui\u00e9n puedo dirigir el env\u00edo<\/a>\t\t\t\t\t\t<\/span>\n\t\t\t\t\t<\/li>\n\t\t\t\t\t\t\t\t\t\t\t\t\t\t<li class=\"elementor-repeater-item-786f52f\">\n\t\t\t\t\t\t\t\t\t\t\t\t\t<div class=\"list-icon\">\n\t\t\t\t\t\t\t\t<i class=\"fas fa-heart\"><\/i>\t\t\t\t\t\t\t<\/div>\n\t\t\t\t\t\t\t\t\t\t\t\t\n\t\t\t\t\t\t<span class=\"list-content\">\n\t\t\t\t\t\t\t<a style=\"color:#000; font-weight:500;\"  href=\"#decido\">Si quiero que sea una sorpresa \u00bfsabr\u00e1 qui\u00e9n se lo ha enviado?<\/a>\t\t\t\t\t\t<\/span>\n\t\t\t\t\t<\/li>\n\t\t\t\t\t\t\t\t\t\t\t\t\t\t<li class=\"elementor-repeater-item-47534cc\">\n\t\t\t\t\t\t\t\t\t\t\t\t\t<div class=\"list-icon\">\n\t\t\t\t\t\t\t\t<i class=\"fas fa-heart\"><\/i>\t\t\t\t\t\t\t<\/div>\n\t\t\t\t\t\t\t\t\t\t\t\t\n\t\t\t\t\t\t<span class=\"list-content\">\n\t\t\t\t\t\t\t<a style=\"color:#000; font-weight:500;\"  href=\"#pago\">Cu\u00e1nto tarda el env\u00edo<\/a>\t\t\t\t\t\t<\/span>\n\t\t\t\t\t<\/li>\n\t\t\t\t\t\t\t\t\t\t\t\t\t\t<li class=\"elementor-repeater-item-55c2766\">\n\t\t\t\t\t\t\t\t\t\t\t\t\t<div class=\"list-icon\">\n\t\t\t\t\t\t\t\t<i class=\"fas fa-heart\"><\/i>\t\t\t\t\t\t\t<\/div>\n\t\t\t\t\t\t\t\t\t\t\t\t\n\t\t\t\t\t\t<span class=\"list-content\">\n\t\t\t\t\t\t\t<a style=\"color:#000; font-weight:500;\"  href=\"#cupon\">D\u00f3nde llega mi pedido<\/a>\t\t\t\t\t\t<\/span>\n\t\t\t\t\t<\/li>\n\t\t\t\t\t\t\t\t\t\t\t\t\t\t<li class=\"elementor-repeater-item-ce07ed4\">\n\t\t\t\t\t\t\t\t\t\t\t\t\t<div class=\"list-icon\">\n\t\t\t\t\t\t\t\t<i class=\"fas fa-heart\"><\/i>\t\t\t\t\t\t\t<\/div>\n\t\t\t\t\t\t\t\t\t\t\t\t\n\t\t\t\t\t\t<span class=\"list-content\">\n\t\t\t\t\t\t\t<a style=\"color:#000; font-weight:500;\"  href=\"#envios\">Precio del env\u00edo<\/a>\t\t\t\t\t\t<\/span>\n\t\t\t\t\t<\/li>\n\t\t\t\t\t\t\t<\/ul>\n\t\t<\/div>\n\t\t\n\t\t\t\t<\/div>\n\t\t\t\t<\/div>\n\t\t\t\t\t<\/div>\n\t\t<\/div>\n\t\t\t\t\t\t\t<\/div>\n\t\t<\/section>\n\t\t\t\t<section class=\"elementor-section elementor-top-section elementor-element elementor-element-56c14c4 elementor-section-boxed elementor-section-height-default elementor-section-height-default wd-section-disabled\" data-id=\"56c14c4\" data-element_type=\"section\" id=\"ciudades\">\n\t\t\t\t\t\t<div class=\"elementor-container elementor-column-gap-default\">\n\t\t\t\t\t<div class=\"elementor-column elementor-col-100 elementor-top-column elementor-element elementor-element-476879e\" data-id=\"476879e\" data-element_type=\"column\">\n\t\t\t<div class=\"elementor-widget-wrap elementor-element-populated\">\n\t\t\t\t\t\t\t\t<div class=\"elementor-element elementor-element-a0c7aee elementor-widget elementor-widget-heading\" data-id=\"a0c7aee\" data-element_type=\"widget\" data-widget_type=\"heading.default\">\n\t\t\t\t<div class=\"elementor-widget-container\">\n\t\t\t<h2 class=\"elementor-heading-title elementor-size-default\">Primero de todo, \u00bfa qu\u00e9 ciudades enviamos?\n<\/h2>\t\t<\/div>\n\t\t\t\t<\/div>\n\t\t\t\t<div class=\"elementor-element elementor-element-844ec80 color-scheme-inherit text-left elementor-widget elementor-widget-text-editor\" data-id=\"844ec80\" data-element_type=\"widget\" data-widget_type=\"text-editor.default\">\n\t\t\t\t<div class=\"elementor-widget-container\">\n\t\t\t\t\t\t\t\t<p>Nuestros env\u00edos cubren toda Espa\u00f1a, por lo que independientemente de d\u00f3nde vivas o te encuentres, nosotros te haremos llegar tu pedido all\u00e1 donde t\u00fa m\u00e1s desees, ya sea en la pen\u00ednsula, Islas Canarias, Baleares, Ceuta o Melilla.\u00a0<\/p><p>Pero si lo que tienes en mente es hacer un env\u00edo m\u00e1s all\u00e1 de la frontera, debes saber que tambi\u00e9n realizamos env\u00edos a determinados pa\u00edses de la Uni\u00f3n Europea. Si este es tu caso, no dudes en ponerte en contacto con nosotros en\u00a0<a href=\"mailto:info@jugueterosa.com\">info@jugueterosa.com<\/a> donde nos comentes cu\u00e1l es el destino que tienes en mente y qu\u00e9 tipo de producto o productos te gustar\u00eda enviar y te personalizaremos el presupuesto o, si lo prefieres, tambi\u00e9n puedes coment\u00e1rnoslo v\u00eda telef\u00f3nica al 638372775.<\/p>\t\t\t\t\t\t<\/div>\n\t\t\t\t<\/div>\n\t\t\t\t\t<\/div>\n\t\t<\/div>\n\t\t\t\t\t\t\t<\/div>\n\t\t<\/section>\n\t\t\t\t<section class=\"elementor-section elementor-top-section elementor-element elementor-element-ce6b25f elementor-section-boxed elementor-section-height-default elementor-section-height-default wd-section-disabled\" data-id=\"ce6b25f\" data-element_type=\"section\" id=\"quienes\">\n\t\t\t\t\t\t<div class=\"elementor-container elementor-column-gap-default\">\n\t\t\t\t\t<div class=\"elementor-column elementor-col-100 elementor-top-column elementor-element elementor-element-2a38b70\" data-id=\"2a38b70\" data-element_type=\"column\">\n\t\t\t<div class=\"elementor-widget-wrap elementor-element-populated\">\n\t\t\t\t\t\t\t\t<div class=\"elementor-element elementor-element-d3c5fb8 elementor-widget elementor-widget-heading\" data-id=\"d3c5fb8\" data-element_type=\"widget\" data-widget_type=\"heading.default\">\n\t\t\t\t<div class=\"elementor-widget-container\">\n\t\t\t<h2 class=\"elementor-heading-title elementor-size-default\">\u00bfA qui\u00e9n puedo dirigir el env\u00edo?<\/h2>\t\t<\/div>\n\t\t\t\t<\/div>\n\t\t\t\t<div class=\"elementor-element elementor-element-264f5ad color-scheme-inherit text-left elementor-widget elementor-widget-text-editor\" data-id=\"264f5ad\" data-element_type=\"widget\" data-widget_type=\"text-editor.default\">\n\t\t\t\t<div class=\"elementor-widget-container\">\n\t\t\t\t\t\t\t\t<p>Tanto si el destinatario\/a de tu pedido es para ti mismo\/a como si es para otra persona no hay ning\u00fan problema. La direcci\u00f3n de env\u00edo no tiene por qu\u00e9 coincidir con la de la facturaci\u00f3n. Incluso si el pedido es para ti pero prefieres recibirlo en una direcci\u00f3n diferente a la de facturaci\u00f3n tampoco hay ning\u00fan inconveniente. Nosotros te enviamos el pedido donde t\u00fa decidas.<\/p><p>Si no tienes claro que juguete o producto es mejor para ti, o no encuentras lo que buscas, puedes ponerte en contacto con nosotros para que te orientemos en el proceso de compra.<\/p><p><strong>Puedes llamarnos por tel\u00e9fono, escribirnos un e-mail, o hablarnos por chat.<\/strong> Si no estamos disponibles, deja tu mensaje y te atenderemos lo m\u00e1s r\u00e1pido posible.<\/p>\t\t\t\t\t\t<\/div>\n\t\t\t\t<\/div>\n\t\t\t\t\t<\/div>\n\t\t<\/div>\n\t\t\t\t\t\t\t<\/div>\n\t\t<\/section>\n\t\t\t\t<section class=\"elementor-section elementor-top-section elementor-element elementor-element-1155c40 elementor-section-boxed elementor-section-height-default elementor-section-height-default wd-section-disabled\" data-id=\"1155c40\" data-element_type=\"section\" id=\"pago\">\n\t\t\t\t\t\t<div class=\"elementor-container elementor-column-gap-default\">\n\t\t\t\t\t<div class=\"elementor-column elementor-col-100 elementor-top-column elementor-element elementor-element-8cd4179\" data-id=\"8cd4179\" data-element_type=\"column\">\n\t\t\t<div class=\"elementor-widget-wrap elementor-element-populated\">\n\t\t\t\t\t\t\t\t<div class=\"elementor-element elementor-element-e547b2f elementor-widget elementor-widget-heading\" data-id=\"e547b2f\" data-element_type=\"widget\" data-widget_type=\"heading.default\">\n\t\t\t\t<div class=\"elementor-widget-container\">\n\t\t\t<h2 class=\"elementor-heading-title elementor-size-default\">\u00bfCu\u00e1nto suele tardar el env\u00edo?\n<\/h2>\t\t<\/div>\n\t\t\t\t<\/div>\n\t\t\t\t<div class=\"elementor-element elementor-element-f807952 color-scheme-inherit text-left elementor-widget elementor-widget-text-editor\" data-id=\"f807952\" data-element_type=\"widget\" data-widget_type=\"text-editor.default\">\n\t\t\t\t<div class=\"elementor-widget-container\">\n\t\t\t\t\t\t\t\t<p>Sabemos lo mucho que te gusta recibir nuestro pedido lo antes posible, a todos nos ocurre, por eso tramitamos env\u00edos todos los d\u00edas laborables de lunes a viernes para que nuestros plazos de entrega sean r\u00e1pidos. Como las distancias no son las mismas en todos los casos, \u00e9stos variar\u00e1n un poco en funci\u00f3n de su destino.<\/p><p>Para todos los casos, independientemente de cu\u00e1l sea el lugar donde se tiene que realizar la entrega, si el pedido est\u00e1 hecho antes de las 15h de la tarde, el paquete saldr\u00e1 ese mismo d\u00eda. Es decir, si realizas tu pedido un lunes antes de las 15h tu paquete estar\u00e1 en reparto el martes. En caso de que realices el pedido un viernes (despu\u00e9s de las 15h), s\u00e1bado o domingo, \u00a0tu paquete saldr\u00e1 el pr\u00f3ximo lunes laborable y se entregar\u00e1 el martes.<\/p><p>Para tenerlo algo m\u00e1s claro, aqu\u00ed te lo explicamos todo paso a paso:<\/p><p><strong>Env\u00edos a Pen\u00ednsula o Islas Baleares:<\/strong><\/p><p>Si el pedido lo haces hoy (d\u00eda laborable) y antes de las 15h de la tarde, tu paquete estar\u00e1 en reparto ma\u00f1ana (d\u00eda laborable), salvo si necesitamos contactar contigo por alg\u00fan error en los datos de env\u00edo. No obstante, nuestro plazo de entrega m\u00e1ximo es de 24-72 horas.<\/p><p><strong>Env\u00edos a Islas Canarias, Ceuta y Melilla:<\/strong><\/p><p>En este caso al tratarse de una distancia algo m\u00e1s larga, el plazo de entrega es de 7 a 10 d\u00edas.<\/p><p>Si aun as\u00ed tienes m\u00e1s dudas o quieres conocer el estado de tu pedido, no dudes en ponerte en contacto con nosotros y te facilitaremos toda la informaci\u00f3n que precises.<\/p>\t\t\t\t\t\t<\/div>\n\t\t\t\t<\/div>\n\t\t\t\t\t<\/div>\n\t\t<\/div>\n\t\t\t\t\t\t\t<\/div>\n\t\t<\/section>\n\t\t\t\t<section class=\"elementor-section elementor-top-section elementor-element elementor-element-d857c38 elementor-section-boxed elementor-section-height-default elementor-section-height-default wd-section-disabled\" data-id=\"d857c38\" data-element_type=\"section\" id=\"cupon\">\n\t\t\t\t\t\t<div class=\"elementor-container elementor-column-gap-default\">\n\t\t\t\t\t<div class=\"elementor-column elementor-col-100 elementor-top-column elementor-element elementor-element-d89095c\" data-id=\"d89095c\" data-element_type=\"column\">\n\t\t\t<div class=\"elementor-widget-wrap elementor-element-populated\">\n\t\t\t\t\t\t\t\t<div class=\"elementor-element elementor-element-a739514 elementor-widget elementor-widget-heading\" data-id=\"a739514\" data-element_type=\"widget\" data-widget_type=\"heading.default\">\n\t\t\t\t<div class=\"elementor-widget-container\">\n\t\t\t<h2 class=\"elementor-heading-title elementor-size-default\">\u00bfD\u00f3nde llega mi pedido?\n<\/h2>\t\t<\/div>\n\t\t\t\t<\/div>\n\t\t\t\t<div class=\"elementor-element elementor-element-c45c237 color-scheme-inherit text-left elementor-widget elementor-widget-text-editor\" data-id=\"c45c237\" data-element_type=\"widget\" data-widget_type=\"text-editor.default\">\n\t\t\t\t<div class=\"elementor-widget-container\">\n\t\t\t\t\t\t\t\t<div class=\"yui-accordion-content \"><div class=\"padded clearfix\"><p>Nuestras empresas de transporte (MRW, GLS, Correos, Seur y Nacex) son las que se encargan de llevar tu pedido a la direcci\u00f3n que nos indiques. Si prefieres ser t\u00fa quien lo recoja s\u00f3lo tienes que indic\u00e1rnoslo y te lo mandaremos a la Oficina de recogida m\u00e1s cercana (marca en observaciones si tienes alguna petici\u00f3n sobre la oficina de recogida).<\/p><p>Tanto en el caso de las Islas Canarias como Ceuta y Melilla, ser\u00e1, normalmente, Correos quien se encarga de dar el servicio de entrega.<\/p><\/div><\/div>\t\t\t\t\t\t<\/div>\n\t\t\t\t<\/div>\n\t\t\t\t\t<\/div>\n\t\t<\/div>\n\t\t\t\t\t\t\t<\/div>\n\t\t<\/section>\n\t\t\t\t<section class=\"elementor-section elementor-top-section elementor-element elementor-element-d642363 elementor-section-boxed elementor-section-height-default elementor-section-height-default wd-section-disabled\" data-id=\"d642363\" data-element_type=\"section\" id=\"envios\">\n\t\t\t\t\t\t<div class=\"elementor-container elementor-column-gap-default\">\n\t\t\t\t\t<div class=\"elementor-column elementor-col-100 elementor-top-column elementor-element elementor-element-9ae8974\" data-id=\"9ae8974\" data-element_type=\"column\">\n\t\t\t<div class=\"elementor-widget-wrap elementor-element-populated\">\n\t\t\t\t\t\t\t\t<div class=\"elementor-element elementor-element-908ec7b elementor-widget elementor-widget-heading\" data-id=\"908ec7b\" data-element_type=\"widget\" data-widget_type=\"heading.default\">\n\t\t\t\t<div class=\"elementor-widget-container\">\n\t\t\t<h2 class=\"elementor-heading-title elementor-size-default\">\u00bfCu\u00e1l es el precio del env\u00edo?<\/h2>\t\t<\/div>\n\t\t\t\t<\/div>\n\t\t\t\t<div class=\"elementor-element elementor-element-fcced9e color-scheme-inherit text-left elementor-widget elementor-widget-text-editor\" data-id=\"fcced9e\" data-element_type=\"widget\" data-widget_type=\"text-editor.default\">\n\t\t\t\t<div class=\"elementor-widget-container\">\n\t\t\t\t\t\t\t\t<div class=\"yui-accordion-content \"><div class=\"padded clearfix\"><p>El precio del env\u00edo, al igual que el tiempo de entrega variar\u00e1 en funci\u00f3n de su destino. De la siguiente manera:<\/p><p><strong>Precio de env\u00edo para dentro de la Pen\u00ednsula (env\u00edo nacional):<\/strong><\/p><p>En caso de que te encuentres en cualquier punto dentro de la pen\u00ednsula o quieras que su env\u00edo sea en cualquier ciudad o pueblo de \u00e9sta, los env\u00edos son gratis a partir de 59\u20ac. Si no supera dicha cantidad, el precio del env\u00edo es de 3,49\u20ac.<\/p><p><strong>Precio de env\u00edo para las Islas Baleares:<\/strong><\/p><p>Si te encuentras en algunas de las islas que conforman esta comunidad los costes de env\u00edo regulares ser\u00e1n de 5\u20ac.<\/p><p><strong>Precio de env\u00edo para las Islas Canarias, Ceuta y Melilla:<\/strong><\/p><p>En el caso de que el env\u00edo sea para cualquiera de estas islas o ciudades el precio de env\u00edo es en este caso de 9\u20ac.<\/p><\/div><\/div>\t\t\t\t\t\t<\/div>\n\t\t\t\t<\/div>\n\t\t\t\t\t<\/div>\n\t\t<\/div>\n\t\t\t\t\t\t\t<\/div>\n\t\t<\/section>\n\t\t\t\t\t\t<\/div>\n\t\t\t\t\t<\/div>\n\t\t","protected":false},"excerpt":{"rendered":"<p>M\u00e9todos de env\u00edo y entrega Aqu\u00ed trataremos de dar respuesta a las preguntas m\u00e1s frecuentes en cuanto a nuestro m\u00e9todo<\/p>\n","protected":false},"author":3,"featured_media":0,"parent":0,"menu_order":0,"comment_status":"closed","ping_status":"closed","template":"elementor_header_footer","meta":[],"_links":{"self":[{"href":"https:\/\/dev.dropalia.com\/jugueterosa\/wp-json\/wp\/v2\/pages\/6353"}],"collection":[{"href":"https:\/\/dev.dropalia.com\/jugueterosa\/wp-json\/wp\/v2\/pages"}],"about":[{"href":"https:\/\/dev.dropalia.com\/jugueterosa\/wp-json\/wp\/v2\/types\/page"}],"author":[{"embeddable":true,"href":"https:\/\/dev.dropalia.com\/jugueterosa\/wp-json\/wp\/v2\/users\/3"}],"replies":[{"embeddable":true,"href":"https:\/\/dev.dropalia.com\/jugueterosa\/wp-json\/wp\/v2\/comments?post=6353"}],"version-history":[{"count":0,"href":"https:\/\/dev.dropalia.com\/jugueterosa\/wp-json\/wp\/v2\/pages\/6353\/revisions"}],"wp:attachment":[{"href":"https:\/\/dev.dropalia.com\/jugueterosa\/wp-json\/wp\/v2\/media?parent=6353"}],"curies":[{"name":"wp","href":"https:\/\/api.w.org\/{rel}","templated":true}]}}