{"id":6364,"date":"2021-05-04T19:05:56","date_gmt":"2021-05-04T17:05:56","guid":{"rendered":"https:\/\/dev.dropalia.com\/jugueterosa\/?page_id=6364"},"modified":"2021-05-14T20:11:26","modified_gmt":"2021-05-14T18:11:26","slug":"metodos-de-pago","status":"publish","type":"page","link":"https:\/\/dev.dropalia.com\/jugueterosa\/metodos-de-pago\/","title":{"rendered":"M\u00e9todos de pago"},"content":{"rendered":"\t\t<div data-elementor-type=\"wp-page\" data-elementor-id=\"6364\" class=\"elementor elementor-6364\" data-elementor-settings=\"[]\">\n\t\t\t\t\t\t\t<div class=\"elementor-section-wrap\">\n\t\t\t\t\t\t\t<section class=\"elementor-section elementor-top-section elementor-element elementor-element-49c0963 elementor-section-boxed elementor-section-height-default elementor-section-height-default wd-section-disabled\" data-id=\"49c0963\" data-element_type=\"section\">\n\t\t\t\t\t\t<div class=\"elementor-container elementor-column-gap-default\">\n\t\t\t\t\t<div class=\"elementor-column elementor-col-100 elementor-top-column elementor-element elementor-element-6c6130a\" data-id=\"6c6130a\" data-element_type=\"column\">\n\t\t\t<div class=\"elementor-widget-wrap elementor-element-populated\">\n\t\t\t\t\t\t\t\t<div class=\"elementor-element elementor-element-c9b4000 elementor-headline--style-highlight elementor-widget elementor-widget-animated-headline\" data-id=\"c9b4000\" data-element_type=\"widget\" data-settings=\"{&quot;highlighted_text&quot;:&quot;pago&quot;,&quot;headline_style&quot;:&quot;highlight&quot;,&quot;marker&quot;:&quot;circle&quot;,&quot;loop&quot;:&quot;yes&quot;,&quot;highlight_animation_duration&quot;:1200,&quot;highlight_iteration_delay&quot;:8000}\" data-widget_type=\"animated-headline.default\">\n\t\t\t\t<div class=\"elementor-widget-container\">\n\t\t\t\t\t<h1 class=\"elementor-headline\">\n\t\t\t\t\t<span class=\"elementor-headline-plain-text elementor-headline-text-wrapper\">M\u00e9todos de<\/span>\n\t\t\t\t<span class=\"elementor-headline-dynamic-wrapper elementor-headline-text-wrapper\">\n\t\t\t\t\t<span class=\"elementor-headline-dynamic-text elementor-headline-text-active\">pago<\/span>\n\t\t\t\t<\/span>\n\t\t\t\t<\/h1>\n\t\t\t\t<\/div>\n\t\t\t\t<\/div>\n\t\t\t\t<div class=\"elementor-element elementor-element-52c909e color-scheme-inherit text-left elementor-widget elementor-widget-text-editor\" data-id=\"52c909e\" data-element_type=\"widget\" data-widget_type=\"text-editor.default\">\n\t\t\t\t<div class=\"elementor-widget-container\">\n\t\t\t\t\t\t\t\t<p>Para nosotros lo m\u00e1s importante es que t\u00fa disfrutes con nosotros, por lo que procuramos poner a tu disposici\u00f3n toda serie de facilidades para que tu \u00fanica preocupaci\u00f3n sea disfrutar de nuestros productos y tu mayor problema decidirte entre ellos. Para facilitarte el proceso de compra te ofrecemos cuatro formas de pago diferentes:<\/p>\t\t\t\t\t\t<\/div>\n\t\t\t\t<\/div>\n\t\t\t\t<section class=\"elementor-section elementor-inner-section elementor-element elementor-element-016661f elementor-section-content-middle elementor-section-boxed elementor-section-height-default elementor-section-height-default wd-section-disabled\" data-id=\"016661f\" data-element_type=\"section\">\n\t\t\t\t\t\t<div class=\"elementor-container elementor-column-gap-default\">\n\t\t\t\t\t<div class=\"elementor-column elementor-col-50 elementor-inner-column elementor-element elementor-element-358821e\" data-id=\"358821e\" data-element_type=\"column\">\n\t\t\t<div class=\"elementor-widget-wrap elementor-element-populated\">\n\t\t\t\t\t\t\t\t<div class=\"elementor-element elementor-element-844af5b elementor-widget elementor-widget-image\" data-id=\"844af5b\" data-element_type=\"widget\" data-widget_type=\"image.default\">\n\t\t\t\t<div class=\"elementor-widget-container\">\n\t\t\t\t\t\t\t\t\t\t\t\t\t\t\t<img src=\"https:\/\/dev.dropalia.com\/jugueterosa\/wp-content\/uploads\/2021\/05\/paypal-juguete.svg\" class=\"attachment-large size-large\" alt=\"\" loading=\"lazy\" height=\"150\" width=\"150\" \/>\t\t\t\t\t\t\t\t\t\t\t\t\t\t\t<\/div>\n\t\t\t\t<\/div>\n\t\t\t\t\t<\/div>\n\t\t<\/div>\n\t\t\t\t<div class=\"elementor-column elementor-col-50 elementor-inner-column elementor-element elementor-element-3975f81\" data-id=\"3975f81\" data-element_type=\"column\">\n\t\t\t<div class=\"elementor-widget-wrap elementor-element-populated\">\n\t\t\t\t\t\t\t\t<div class=\"elementor-element elementor-element-a0c7aee elementor-widget elementor-widget-heading\" data-id=\"a0c7aee\" data-element_type=\"widget\" data-widget_type=\"heading.default\">\n\t\t\t\t<div class=\"elementor-widget-container\">\n\t\t\t<p class=\"elementor-heading-title elementor-size-default\">Paypal<\/p>\t\t<\/div>\n\t\t\t\t<\/div>\n\t\t\t\t<div class=\"elementor-element elementor-element-e767073 color-scheme-inherit text-left elementor-widget elementor-widget-text-editor\" data-id=\"e767073\" data-element_type=\"widget\" data-widget_type=\"text-editor.default\">\n\t\t\t\t<div class=\"elementor-widget-container\">\n\t\t\t\t\t\t\t\t<p>Se trata de un m\u00e9todo de pago seguro y r\u00e1pido. Si dispones de una cuenta en PayPal s\u00f3lo tendr\u00e1s que introducir tu mail y contrase\u00f1a para realizar el pago.<\/p>\t\t\t\t\t\t<\/div>\n\t\t\t\t<\/div>\n\t\t\t\t\t<\/div>\n\t\t<\/div>\n\t\t\t\t\t\t\t<\/div>\n\t\t<\/section>\n\t\t\t\t<section class=\"elementor-section elementor-inner-section elementor-element elementor-element-99eab88 elementor-section-content-middle elementor-section-boxed elementor-section-height-default elementor-section-height-default wd-section-disabled\" data-id=\"99eab88\" data-element_type=\"section\">\n\t\t\t\t\t\t<div class=\"elementor-container elementor-column-gap-default\">\n\t\t\t\t\t<div class=\"elementor-column elementor-col-50 elementor-inner-column elementor-element elementor-element-a237e8b\" data-id=\"a237e8b\" data-element_type=\"column\">\n\t\t\t<div class=\"elementor-widget-wrap elementor-element-populated\">\n\t\t\t\t\t\t\t\t<div class=\"elementor-element elementor-element-1d3cb53 elementor-widget elementor-widget-image\" data-id=\"1d3cb53\" data-element_type=\"widget\" data-widget_type=\"image.default\">\n\t\t\t\t<div class=\"elementor-widget-container\">\n\t\t\t\t\t\t\t\t\t\t\t\t\t\t\t<img src=\"https:\/\/dev.dropalia.com\/jugueterosa\/wp-content\/uploads\/2021\/05\/tarjetas.svg\" class=\"attachment-large size-large\" alt=\"\" loading=\"lazy\" height=\"150\" width=\"150\" \/>\t\t\t\t\t\t\t\t\t\t\t\t\t\t\t<\/div>\n\t\t\t\t<\/div>\n\t\t\t\t\t<\/div>\n\t\t<\/div>\n\t\t\t\t<div class=\"elementor-column elementor-col-50 elementor-inner-column elementor-element elementor-element-3d8041c\" data-id=\"3d8041c\" data-element_type=\"column\">\n\t\t\t<div class=\"elementor-widget-wrap elementor-element-populated\">\n\t\t\t\t\t\t\t\t<div class=\"elementor-element elementor-element-be55fce elementor-widget elementor-widget-heading\" data-id=\"be55fce\" data-element_type=\"widget\" data-widget_type=\"heading.default\">\n\t\t\t\t<div class=\"elementor-widget-container\">\n\t\t\t<p class=\"elementor-heading-title elementor-size-default\">Tarjeta de cr\u00e9dito<\/p>\t\t<\/div>\n\t\t\t\t<\/div>\n\t\t\t\t<div class=\"elementor-element elementor-element-19162b7 color-scheme-inherit text-left elementor-widget elementor-widget-text-editor\" data-id=\"19162b7\" data-element_type=\"widget\" data-widget_type=\"text-editor.default\">\n\t\t\t\t<div class=\"elementor-widget-container\">\n\t\t\t\t\t\t\t\t<p>Pasarelas de pago que llevan a cabo los bancos elegido por muchos. Se trata de un m\u00e9todo r\u00e1pido, f\u00e1cil y c\u00f3modo. Nosotros te dirigimos a un TPV virtual y tus datos son directamente intercambiados entre los diferentes bancos con la seguridad que ofrecen las entidades bancarias.<\/p>\t\t\t\t\t\t<\/div>\n\t\t\t\t<\/div>\n\t\t\t\t\t<\/div>\n\t\t<\/div>\n\t\t\t\t\t\t\t<\/div>\n\t\t<\/section>\n\t\t\t\t<section class=\"elementor-section elementor-inner-section elementor-element elementor-element-30405e0 elementor-section-content-middle elementor-section-boxed elementor-section-height-default elementor-section-height-default wd-section-disabled\" data-id=\"30405e0\" data-element_type=\"section\">\n\t\t\t\t\t\t<div class=\"elementor-container elementor-column-gap-default\">\n\t\t\t\t\t<div class=\"elementor-column elementor-col-50 elementor-inner-column elementor-element elementor-element-1212630\" data-id=\"1212630\" data-element_type=\"column\">\n\t\t\t<div class=\"elementor-widget-wrap elementor-element-populated\">\n\t\t\t\t\t\t\t\t<div class=\"elementor-element elementor-element-505bbcb elementor-widget elementor-widget-image\" data-id=\"505bbcb\" data-element_type=\"widget\" data-widget_type=\"image.default\">\n\t\t\t\t<div class=\"elementor-widget-container\">\n\t\t\t\t\t\t\t\t\t\t\t\t\t\t\t<img src=\"https:\/\/dev.dropalia.com\/jugueterosa\/wp-content\/uploads\/2021\/05\/contrarembolso.svg\" class=\"attachment-large size-large\" alt=\"\" loading=\"lazy\" height=\"150\" width=\"150\" \/>\t\t\t\t\t\t\t\t\t\t\t\t\t\t\t<\/div>\n\t\t\t\t<\/div>\n\t\t\t\t\t<\/div>\n\t\t<\/div>\n\t\t\t\t<div class=\"elementor-column elementor-col-50 elementor-inner-column elementor-element elementor-element-9965882\" data-id=\"9965882\" data-element_type=\"column\">\n\t\t\t<div class=\"elementor-widget-wrap elementor-element-populated\">\n\t\t\t\t\t\t\t\t<div class=\"elementor-element elementor-element-b5e93fe elementor-widget elementor-widget-heading\" data-id=\"b5e93fe\" data-element_type=\"widget\" data-widget_type=\"heading.default\">\n\t\t\t\t<div class=\"elementor-widget-container\">\n\t\t\t<p class=\"elementor-heading-title elementor-size-default\">Contra reembolso<\/p>\t\t<\/div>\n\t\t\t\t<\/div>\n\t\t\t\t<div class=\"elementor-element elementor-element-60230d0 color-scheme-inherit text-left elementor-widget elementor-widget-text-editor\" data-id=\"60230d0\" data-element_type=\"widget\" data-widget_type=\"text-editor.default\">\n\t\t\t\t<div class=\"elementor-widget-container\">\n\t\t\t\t\t\t\t\t<p><strong>\u00a0<\/strong>Si te decides por esta opci\u00f3n, realizar\u00e1s el pago a la compa\u00f1\u00eda de transporte cuando recibas el producto. Pero debes saber que este tipo de pago lleva un coste adicional de 2,95\u20ac adem\u00e1s de los gastos de env\u00edo.<\/p>\t\t\t\t\t\t<\/div>\n\t\t\t\t<\/div>\n\t\t\t\t\t<\/div>\n\t\t<\/div>\n\t\t\t\t\t\t\t<\/div>\n\t\t<\/section>\n\t\t\t\t<section class=\"elementor-section elementor-inner-section elementor-element elementor-element-9c21f6d elementor-section-content-middle elementor-section-boxed elementor-section-height-default elementor-section-height-default wd-section-disabled\" data-id=\"9c21f6d\" data-element_type=\"section\">\n\t\t\t\t\t\t<div class=\"elementor-container elementor-column-gap-default\">\n\t\t\t\t\t<div class=\"elementor-column elementor-col-50 elementor-inner-column elementor-element elementor-element-88831ef\" data-id=\"88831ef\" data-element_type=\"column\">\n\t\t\t<div class=\"elementor-widget-wrap elementor-element-populated\">\n\t\t\t\t\t\t\t\t<div class=\"elementor-element elementor-element-5819669 elementor-widget elementor-widget-image\" data-id=\"5819669\" data-element_type=\"widget\" data-widget_type=\"image.default\">\n\t\t\t\t<div class=\"elementor-widget-container\">\n\t\t\t\t\t\t\t\t\t\t\t\t\t\t\t<img src=\"https:\/\/dev.dropalia.com\/jugueterosa\/wp-content\/uploads\/2021\/05\/transferencia.svg\" class=\"attachment-large size-large\" alt=\"\" loading=\"lazy\" height=\"150\" width=\"150\" \/>\t\t\t\t\t\t\t\t\t\t\t\t\t\t\t<\/div>\n\t\t\t\t<\/div>\n\t\t\t\t\t<\/div>\n\t\t<\/div>\n\t\t\t\t<div class=\"elementor-column elementor-col-50 elementor-inner-column elementor-element elementor-element-c687d02\" data-id=\"c687d02\" data-element_type=\"column\">\n\t\t\t<div class=\"elementor-widget-wrap elementor-element-populated\">\n\t\t\t\t\t\t\t\t<div class=\"elementor-element elementor-element-08565d3 elementor-widget elementor-widget-heading\" data-id=\"08565d3\" data-element_type=\"widget\" data-widget_type=\"heading.default\">\n\t\t\t\t<div class=\"elementor-widget-container\">\n\t\t\t<p class=\"elementor-heading-title elementor-size-default\">Transferencia bancaria<\/p>\t\t<\/div>\n\t\t\t\t<\/div>\n\t\t\t\t<div class=\"elementor-element elementor-element-46074f7 color-scheme-inherit text-left elementor-widget elementor-widget-text-editor\" data-id=\"46074f7\" data-element_type=\"widget\" data-widget_type=\"text-editor.default\">\n\t\t\t\t<div class=\"elementor-widget-container\">\n\t\t\t\t\t\t\t\t<p><strong>\u00a0<\/strong>Si este es el m\u00e9todo que m\u00e1s te convence. Te facilitaremos los datos de la cuenta bancaria a la que tendr\u00e1s que realizar la transferencia con el importe de tu pedido. Recordarte que deber\u00e1s indicar el n\u00famero de pedido en el concepto. Ya sabes que a veces a trav\u00e9s de este m\u00e9todo existe una demora de unas 24h entre que el pago est\u00e1 realizado y nosotros recibimos su confirmaci\u00f3n. Si deseas acortar este tiempo, siempre puedes enviarnos el justificante de pago con el fin de agilizar el proceso.<\/p>\t\t\t\t\t\t<\/div>\n\t\t\t\t<\/div>\n\t\t\t\t\t<\/div>\n\t\t<\/div>\n\t\t\t\t\t\t\t<\/div>\n\t\t<\/section>\n\t\t\t\t\t<\/div>\n\t\t<\/div>\n\t\t\t\t\t\t\t<\/div>\n\t\t<\/section>\n\t\t\t\t<section class=\"elementor-section elementor-top-section elementor-element elementor-element-e928738 elementor-section-boxed elementor-section-height-default elementor-section-height-default wd-section-disabled\" data-id=\"e928738\" data-element_type=\"section\">\n\t\t\t\t\t\t<div class=\"elementor-container elementor-column-gap-default\">\n\t\t\t\t\t<div class=\"elementor-column elementor-col-100 elementor-top-column elementor-element elementor-element-f6df2a5\" data-id=\"f6df2a5\" data-element_type=\"column\">\n\t\t\t<div class=\"elementor-widget-wrap elementor-element-populated\">\n\t\t\t\t\t\t\t\t<div class=\"elementor-element elementor-element-08fb317 elementor-widget elementor-widget-heading\" data-id=\"08fb317\" data-element_type=\"widget\" data-widget_type=\"heading.default\">\n\t\t\t\t<div class=\"elementor-widget-container\">\n\t\t\t<h2 class=\"elementor-heading-title elementor-size-default\">Dispongo de un cup\u00f3n descuento, \u00bfC\u00f3mo funciona?\n<\/h2>\t\t<\/div>\n\t\t\t\t<\/div>\n\t\t\t\t<div class=\"elementor-element elementor-element-844ec80 color-scheme-inherit text-left elementor-widget elementor-widget-text-editor\" data-id=\"844ec80\" data-element_type=\"widget\" data-widget_type=\"text-editor.default\">\n\t\t\t\t<div class=\"elementor-widget-container\">\n\t\t\t\t\t\t\t\t<p>\u00a1Enhorabuena! Si tienes un cup\u00f3n descuento podr\u00e1s disfrutar de <strong>todos los productos de tu pedido pero a un precio m\u00e1s rebajado<\/strong>, por lo que no pierdas la oportunidad de utilizarlo. Su utilizaci\u00f3n no podr\u00eda ser m\u00e1s f\u00e1cil:<\/p><p>Una vez hayas hecho tu pedido, introduce el c\u00f3digo de tu cup\u00f3n y el descuento se aplicar\u00e1 directamente.<\/p>\t\t\t\t\t\t<\/div>\n\t\t\t\t<\/div>\n\t\t\t\t\t<\/div>\n\t\t<\/div>\n\t\t\t\t\t\t\t<\/div>\n\t\t<\/section>\n\t\t\t\t\t\t<\/div>\n\t\t\t\t\t<\/div>\n\t\t","protected":false},"excerpt":{"rendered":"<p>M\u00e9todos de pago Para nosotros lo m\u00e1s importante es que t\u00fa disfrutes con nosotros, por lo que procuramos poner a<\/p>\n","protected":false},"author":3,"featured_media":0,"parent":0,"menu_order":0,"comment_status":"closed","ping_status":"closed","template":"elementor_header_footer","meta":[],"_links":{"self":[{"href":"https:\/\/dev.dropalia.com\/jugueterosa\/wp-json\/wp\/v2\/pages\/6364"}],"collection":[{"href":"https:\/\/dev.dropalia.com\/jugueterosa\/wp-json\/wp\/v2\/pages"}],"about":[{"href":"https:\/\/dev.dropalia.com\/jugueterosa\/wp-json\/wp\/v2\/types\/page"}],"author":[{"embeddable":true,"href":"https:\/\/dev.dropalia.com\/jugueterosa\/wp-json\/wp\/v2\/users\/3"}],"replies":[{"embeddable":true,"href":"https:\/\/dev.dropalia.com\/jugueterosa\/wp-json\/wp\/v2\/comments?post=6364"}],"version-history":[{"count":0,"href":"https:\/\/dev.dropalia.com\/jugueterosa\/wp-json\/wp\/v2\/pages\/6364\/revisions"}],"wp:attachment":[{"href":"https:\/\/dev.dropalia.com\/jugueterosa\/wp-json\/wp\/v2\/media?parent=6364"}],"curies":[{"name":"wp","href":"https:\/\/api.w.org\/{rel}","templated":true}]}}