{"id":6547,"date":"2021-05-05T12:58:14","date_gmt":"2021-05-05T10:58:14","guid":{"rendered":"https:\/\/dev.dropalia.com\/jugueterosa\/?page_id=6547"},"modified":"2021-05-18T11:09:00","modified_gmt":"2021-05-18T09:09:00","slug":"tuppersex","status":"publish","type":"page","link":"https:\/\/dev.dropalia.com\/jugueterosa\/tuppersex\/","title":{"rendered":"Tuppersex"},"content":{"rendered":"\t\t<div data-elementor-type=\"wp-page\" data-elementor-id=\"6547\" class=\"elementor elementor-6547\" data-elementor-settings=\"[]\">\n\t\t\t\t\t\t\t<div class=\"elementor-section-wrap\">\n\t\t\t\t\t\t\t<section class=\"elementor-section elementor-top-section elementor-element elementor-element-38d4422 elementor-section-boxed elementor-section-height-default elementor-section-height-default wd-section-disabled\" data-id=\"38d4422\" data-element_type=\"section\">\n\t\t\t\t\t\t<div class=\"elementor-container elementor-column-gap-default\">\n\t\t\t\t\t<div class=\"elementor-column elementor-col-100 elementor-top-column elementor-element elementor-element-97c821b\" data-id=\"97c821b\" data-element_type=\"column\">\n\t\t\t<div class=\"elementor-widget-wrap elementor-element-populated\">\n\t\t\t\t\t\t\t\t<div class=\"elementor-element elementor-element-78e157a elementor-widget elementor-widget-image\" data-id=\"78e157a\" data-element_type=\"widget\" data-widget_type=\"image.default\">\n\t\t\t\t<div class=\"elementor-widget-container\">\n\t\t\t\t\t\t\t\t\t\t\t\t\t\t\t<img width=\"1920\" height=\"850\" src=\"https:\/\/dev.dropalia.com\/jugueterosa\/wp-content\/uploads\/2021\/05\/header-tupersex.jpg\" class=\"attachment-full size-full\" alt=\"\" loading=\"lazy\" srcset=\"https:\/\/dev.dropalia.com\/jugueterosa\/wp-content\/uploads\/2021\/05\/header-tupersex.jpg 1920w, https:\/\/dev.dropalia.com\/jugueterosa\/wp-content\/uploads\/2021\/05\/header-tupersex-300x133.jpg 300w, https:\/\/dev.dropalia.com\/jugueterosa\/wp-content\/uploads\/2021\/05\/header-tupersex-1024x453.jpg 1024w, https:\/\/dev.dropalia.com\/jugueterosa\/wp-content\/uploads\/2021\/05\/header-tupersex-768x340.jpg 768w, https:\/\/dev.dropalia.com\/jugueterosa\/wp-content\/uploads\/2021\/05\/header-tupersex-1536x680.jpg 1536w, https:\/\/dev.dropalia.com\/jugueterosa\/wp-content\/uploads\/2021\/05\/header-tupersex-600x266.jpg 600w\" sizes=\"(max-width: 1920px) 100vw, 1920px\" \/>\t\t\t\t\t\t\t\t\t\t\t\t\t\t\t<\/div>\n\t\t\t\t<\/div>\n\t\t\t\t\t<\/div>\n\t\t<\/div>\n\t\t\t\t\t\t\t<\/div>\n\t\t<\/section>\n\t\t\t\t<section class=\"elementor-section elementor-top-section elementor-element elementor-element-0d07f99 elementor-section-boxed elementor-section-height-default elementor-section-height-default wd-section-disabled\" data-id=\"0d07f99\" data-element_type=\"section\">\n\t\t\t\t\t\t<div class=\"elementor-container elementor-column-gap-default\">\n\t\t\t\t\t<div class=\"elementor-column elementor-col-100 elementor-top-column elementor-element elementor-element-4e621c1\" data-id=\"4e621c1\" data-element_type=\"column\">\n\t\t\t<div class=\"elementor-widget-wrap elementor-element-populated\">\n\t\t\t\t\t\t\t\t<div class=\"elementor-element elementor-element-70b6050 elementor-widget elementor-widget-heading\" data-id=\"70b6050\" data-element_type=\"widget\" data-widget_type=\"heading.default\">\n\t\t\t\t<div class=\"elementor-widget-container\">\n\t\t\t<h1 class=\"elementor-heading-title elementor-size-default\">TUPPERSEX EN JUGUETE ROSA\n<\/h1>\t\t<\/div>\n\t\t\t\t<\/div>\n\t\t\t\t<div class=\"elementor-element elementor-element-3d0f36f color-scheme-inherit text-left elementor-widget elementor-widget-text-editor\" data-id=\"3d0f36f\" data-element_type=\"widget\" data-widget_type=\"text-editor.default\">\n\t\t\t\t<div class=\"elementor-widget-container\">\n\t\t\t\t\t\t\t\t<p>Una reuni\u00f3n de amigas, una quedada con tus compa\u00f1eros de trabajo o cualquier otro momento puede ser perfecto para recomendar los mejores productos er\u00f3ticos de nuestra tienda y\u2026 llevarte t\u00fa un dinero extra.<\/p><p><strong>\u00bfC\u00f3mo puedo hacerlo?<\/strong><\/p><p>Organizando\u00a0<strong>reuniones tuppersex para que todos conozcan los beneficios de los juguetes er\u00f3ticos<\/strong>\u00a0y los compren contigo como intermediario. El porcentaje de beneficios para ti subir\u00e1 tan pronto como todos conozcan las posibilidades de un arn\u00e9s, la potencia de un vibrador o la sensualidad de los kit de iniciaci\u00f3n bondage.<\/p><p>Te contamos m\u00e1s \ud83d\ude09<\/p>\t\t\t\t\t\t<\/div>\n\t\t\t\t<\/div>\n\t\t\t\t\t<\/div>\n\t\t<\/div>\n\t\t\t\t\t\t\t<\/div>\n\t\t<\/section>\n\t\t\t\t<section class=\"elementor-section elementor-top-section elementor-element elementor-element-5dac1c0 elementor-section-boxed elementor-section-height-default elementor-section-height-default wd-section-disabled\" data-id=\"5dac1c0\" data-element_type=\"section\" data-settings=\"{&quot;background_background&quot;:&quot;classic&quot;}\">\n\t\t\t\t\t\t<div class=\"elementor-container elementor-column-gap-default\">\n\t\t\t\t\t<div class=\"elementor-column elementor-col-100 elementor-top-column elementor-element elementor-element-3ec38fb\" data-id=\"3ec38fb\" data-element_type=\"column\">\n\t\t\t<div class=\"elementor-widget-wrap elementor-element-populated\">\n\t\t\t\t\t\t\t\t<div class=\"elementor-element elementor-element-928f7fe elementor-widget elementor-widget-heading\" data-id=\"928f7fe\" data-element_type=\"widget\" data-widget_type=\"heading.default\">\n\t\t\t\t<div class=\"elementor-widget-container\">\n\t\t\t<h2 class=\"elementor-heading-title elementor-size-default\">\u00bfQu\u00e9 es un tuppersex? \u00bfC\u00f3mo lo organizo?\n<\/h2>\t\t<\/div>\n\t\t\t\t<\/div>\n\t\t\t\t<div class=\"elementor-element elementor-element-fa0248a color-scheme-inherit text-left elementor-widget elementor-widget-text-editor\" data-id=\"fa0248a\" data-element_type=\"widget\" data-widget_type=\"text-editor.default\">\n\t\t\t\t<div class=\"elementor-widget-container\">\n\t\t\t\t\t\t\t\t<p>Un<strong>\u00a0tuppersex es una reuni\u00f3n informal con personas interesadas en los productos o juguetes er\u00f3ticos<\/strong>\u00a0que puedes encontrar en nuestra web. Normalmente se realiza con amigas, compa\u00f1eras de trabajo o las asistentes a una despedida de soltera. Toda ocasi\u00f3n es buena para conocer un poquito m\u00e1s este sector. Adem\u00e1s, no tienen por qu\u00e9 ser s\u00f3lo mujeres las asistentes, aunque es lo m\u00e1s com\u00fan, y se aconseja que no sobrepasen las veinte personas para mantener un ambiente de confianza e intimidad.<\/p><p>En todo caso, siempre existe una anfitriona que muestra los juguetes y explica un poquito sus utilidades y caracter\u00edsticas. La diversi\u00f3n siempre est\u00e1 asegurada.<\/p><p>En esa misma reuni\u00f3n, las\u00a0<strong>asistentes pueden realizar sus pedidos sin desplazarse a ning\u00fan sitio y la anfitriona gana un porcentaje por hacer de intermediaria<\/strong>. \u00a1Beneficios para todas!<\/p><p>El lugar de la reuni\u00f3n puede ser cualquier sitio en el que todas se sientan c\u00f3modas. Habitualmente se trata de la casa de la anfitriona, peor tambi\u00e9n te proponemos alguna peluquer\u00eda, gimnasio o comercio de vuestra confianza, el local donde se celebre la despedida de soltera o el cumplea\u00f1os o cualquier otro lugar disponible y agradable.<\/p>\t\t\t\t\t\t<\/div>\n\t\t\t\t<\/div>\n\t\t\t\t\t<\/div>\n\t\t<\/div>\n\t\t\t\t\t\t\t<\/div>\n\t\t<\/section>\n\t\t\t\t<section class=\"elementor-section elementor-top-section elementor-element elementor-element-e42b4fe elementor-section-boxed elementor-section-height-default elementor-section-height-default wd-section-disabled\" data-id=\"e42b4fe\" data-element_type=\"section\">\n\t\t\t\t\t\t<div class=\"elementor-container elementor-column-gap-default\">\n\t\t\t\t\t<div class=\"elementor-column elementor-col-100 elementor-top-column elementor-element elementor-element-44d80fe\" data-id=\"44d80fe\" data-element_type=\"column\">\n\t\t\t<div class=\"elementor-widget-wrap elementor-element-populated\">\n\t\t\t\t\t\t\t\t<div class=\"elementor-element elementor-element-5e5f195 elementor-widget elementor-widget-wd_images_gallery\" data-id=\"5e5f195\" data-element_type=\"widget\" data-widget_type=\"wd_images_gallery.default\">\n\t\t\t\t<div class=\"elementor-widget-container\">\n\t\t\t\t\t<div class=\"woodmart-images-gallery gallery-halign-center gallery-valign-middle view-grid photoswipe-images\" >\n\t\t\t<div class=\"gallery-images row woodmart-spacing-6\">\n\t\t\t\t\t\t\t\t\t\t\t\t\t\t<div class=\"woodmart-gallery-item  col-md-3 col-sm-4 col-6\">\n\t\t\t\t\t\t\t\t\t\t\t\t\t<a  href=\"https:\/\/dev.dropalia.com\/jugueterosa\/wp-content\/uploads\/2021\/02\/quickshot-fleshlight-7.jpg\"data-width=\"1200\" data-height=\"1200\" data-index=\"1\" data-elementor-open-lightbox=\"no\">\n\t\t\t\t\t\t\t\t\t\t\t\t\n\t\t\t\t\t\t\t<img src=\"https:\/\/dev.dropalia.com\/jugueterosa\/wp-content\/uploads\/2021\/02\/quickshot-fleshlight-7.jpg\">\t\t\t\t\t\t\t\n\t\t\t\t\t\t\t\t\t\t\t\t\t<\/a>\n\t\t\t\t\t\t\t\t\t\t\t<\/div>\n\t\t\t\t\t\t\t\t\t\t\t\t\t\t\t<div class=\"woodmart-gallery-item  col-md-3 col-sm-4 col-6\">\n\t\t\t\t\t\t\t\t\t\t\t\t\t<a  href=\"https:\/\/dev.dropalia.com\/jugueterosa\/wp-content\/uploads\/2021\/02\/vela-aromatica-masaje-2.jpg\"data-width=\"1200\" data-height=\"1200\" data-index=\"2\" data-elementor-open-lightbox=\"no\">\n\t\t\t\t\t\t\t\t\t\t\t\t\n\t\t\t\t\t\t\t<img src=\"https:\/\/dev.dropalia.com\/jugueterosa\/wp-content\/uploads\/2021\/02\/vela-aromatica-masaje-2.jpg\">\t\t\t\t\t\t\t\n\t\t\t\t\t\t\t\t\t\t\t\t\t<\/a>\n\t\t\t\t\t\t\t\t\t\t\t<\/div>\n\t\t\t\t\t\t\t\t\t\t\t\t\t\t\t<div class=\"woodmart-gallery-item  col-md-3 col-sm-4 col-6\">\n\t\t\t\t\t\t\t\t\t\t\t\t\t<a  href=\"https:\/\/dev.dropalia.com\/jugueterosa\/wp-content\/uploads\/2021\/02\/arns-2.jpg\"data-width=\"1200\" data-height=\"1200\" data-index=\"3\" data-elementor-open-lightbox=\"no\">\n\t\t\t\t\t\t\t\t\t\t\t\t\n\t\t\t\t\t\t\t<img src=\"https:\/\/dev.dropalia.com\/jugueterosa\/wp-content\/uploads\/2021\/02\/arns-2.jpg\">\t\t\t\t\t\t\t\n\t\t\t\t\t\t\t\t\t\t\t\t\t<\/a>\n\t\t\t\t\t\t\t\t\t\t\t<\/div>\n\t\t\t\t\t\t\t\t\t\t\t\t\t\t\t<div class=\"woodmart-gallery-item  col-md-3 col-sm-4 col-6\">\n\t\t\t\t\t\t\t\t\t\t\t\t\t<a  href=\"https:\/\/dev.dropalia.com\/jugueterosa\/wp-content\/uploads\/2021\/02\/satisfyer-pro-mujer-5.jpg\"data-width=\"1200\" data-height=\"1200\" data-index=\"4\" data-elementor-open-lightbox=\"no\">\n\t\t\t\t\t\t\t\t\t\t\t\t\n\t\t\t\t\t\t\t<img src=\"https:\/\/dev.dropalia.com\/jugueterosa\/wp-content\/uploads\/2021\/02\/satisfyer-pro-mujer-5.jpg\">\t\t\t\t\t\t\t\n\t\t\t\t\t\t\t\t\t\t\t\t\t<\/a>\n\t\t\t\t\t\t\t\t\t\t\t<\/div>\n\t\t\t\t\t\t\t\t<\/div>\n\t\t<\/div>\n\t\t\t\t<\/div>\n\t\t\t\t<\/div>\n\t\t\t\t\t<\/div>\n\t\t<\/div>\n\t\t\t\t\t\t\t<\/div>\n\t\t<\/section>\n\t\t\t\t<section class=\"elementor-section elementor-top-section elementor-element elementor-element-3a8a490 elementor-section-boxed elementor-section-height-default elementor-section-height-default wd-section-disabled\" data-id=\"3a8a490\" data-element_type=\"section\">\n\t\t\t\t\t\t<div class=\"elementor-container elementor-column-gap-default\">\n\t\t\t\t\t<div class=\"elementor-column elementor-col-100 elementor-top-column elementor-element elementor-element-65defc1\" data-id=\"65defc1\" data-element_type=\"column\">\n\t\t\t<div class=\"elementor-widget-wrap elementor-element-populated\">\n\t\t\t\t\t\t\t\t<div class=\"elementor-element elementor-element-e69de57 elementor-widget elementor-widget-heading\" data-id=\"e69de57\" data-element_type=\"widget\" data-widget_type=\"heading.default\">\n\t\t\t\t<div class=\"elementor-widget-container\">\n\t\t\t<h2 class=\"elementor-heading-title elementor-size-default\">\u00bfC\u00f3mo se muestran los productos en un tuppersex?\n<\/h2>\t\t<\/div>\n\t\t\t\t<\/div>\n\t\t\t\t<div class=\"elementor-element elementor-element-4d9c079 color-scheme-inherit text-left elementor-widget elementor-widget-text-editor\" data-id=\"4d9c079\" data-element_type=\"widget\" data-widget_type=\"text-editor.default\">\n\t\t\t\t<div class=\"elementor-widget-container\">\n\t\t\t\t\t\t\t\t<p>Ponemos a tu disposici\u00f3n<strong>\u00a0todos los productos de nuestro cat\u00e1logo para que puedas mostrarlos a trav\u00e9s de nuestra web en las reuniones tuppersex<\/strong>. Adem\u00e1s, si lo prefieres, tambi\u00e9n podemos hacer una selecci\u00f3n concreta seg\u00fan el tipo de asistentes al evento y aconsejarte algunas marcas o tipos de juguetes que pueden ser los m\u00e1s vendidos.<\/p><p>Toda nuestra experiencia la ponemos a tu disposici\u00f3n para cualquier consulta que desees realizar.<\/p><p>Por otra parte, para mostrar las caracter\u00edsticas del producto \u00fanicamente tienes que acudir a la ficha de cada uno de ellos y comentarlas. Tu aliado puede ser una Tablet que garantice la visualizaci\u00f3n perfecta de todos los juguetes. Tambi\u00e9n puedes realizar un peque\u00f1o pedido de inicio y llevar algunos juguetes de muestra a tus reuniones.<\/p>\t\t\t\t\t\t<\/div>\n\t\t\t\t<\/div>\n\t\t\t\t<div class=\"elementor-element elementor-element-a8f79be elementor-widget elementor-widget-button\" data-id=\"a8f79be\" data-element_type=\"widget\" data-widget_type=\"button.default\">\n\t\t\t\t<div class=\"elementor-widget-container\">\n\t\t\t\t\t<div class=\"elementor-button-wrapper\">\n\t\t\t<a href=\"https:\/\/dev.dropalia.com\/jugueterosa\/\" class=\"elementor-button-link elementor-button elementor-size-sm elementor-animation-grow\" role=\"button\">\n\t\t\t\t\t\t<span class=\"elementor-button-content-wrapper\">\n\t\t\t\t\t\t<span class=\"elementor-button-text\">Ver tienda<\/span>\n\t\t<\/span>\n\t\t\t\t\t<\/a>\n\t\t<\/div>\n\t\t\t\t<\/div>\n\t\t\t\t<\/div>\n\t\t\t\t\t<\/div>\n\t\t<\/div>\n\t\t\t\t\t\t\t<\/div>\n\t\t<\/section>\n\t\t\t\t<section class=\"elementor-section elementor-top-section elementor-element elementor-element-4e64ec7 elementor-section-boxed elementor-section-height-default elementor-section-height-default wd-section-disabled\" data-id=\"4e64ec7\" data-element_type=\"section\">\n\t\t\t\t\t\t<div class=\"elementor-container elementor-column-gap-default\">\n\t\t\t\t\t<div class=\"elementor-column elementor-col-100 elementor-top-column elementor-element elementor-element-0de03be\" data-id=\"0de03be\" data-element_type=\"column\">\n\t\t\t<div class=\"elementor-widget-wrap elementor-element-populated\">\n\t\t\t\t\t\t\t\t<div class=\"elementor-element elementor-element-e428894 elementor-widget elementor-widget-heading\" data-id=\"e428894\" data-element_type=\"widget\" data-widget_type=\"heading.default\">\n\t\t\t\t<div class=\"elementor-widget-container\">\n\t\t\t<h2 class=\"elementor-heading-title elementor-size-default\">\u00bfQu\u00e9 beneficios obtengo montando reuniones tuppersex?\n<\/h2>\t\t<\/div>\n\t\t\t\t<\/div>\n\t\t\t\t<div class=\"elementor-element elementor-element-47010b5 color-scheme-inherit text-left elementor-widget elementor-widget-text-editor\" data-id=\"47010b5\" data-element_type=\"widget\" data-widget_type=\"text-editor.default\">\n\t\t\t\t<div class=\"elementor-widget-container\">\n\t\t\t\t\t\t\t\t<p>Los beneficios que obtendr\u00e1s ir\u00e1n en funci\u00f3n de las ventas que realices de forma que cada vez ser\u00e1 mayor el porcentaje de ganancia que obtengas.<\/p><p>En la siguiente imagen puedes consultar cuales son los porcentajes para cada rango de ventas, pero te ponemos un ejemplo para que sea todav\u00eda m\u00e1s f\u00e1cil de entender:<\/p>\t\t\t\t\t\t<\/div>\n\t\t\t\t<\/div>\n\t\t\t\t<div class=\"elementor-element elementor-element-907a6da color-scheme-inherit text-left elementor-widget elementor-widget-text-editor\" data-id=\"907a6da\" data-element_type=\"widget\" data-widget_type=\"text-editor.default\">\n\t\t\t\t<div class=\"elementor-widget-container\">\n\t\t\t\t\t\t\t\t<p>Cuando los pedidos que realices para tus amigas (en un \u00fanico env\u00edo o en varios) no superen los 600\u20ac, tu porcentaje ser\u00e1 del 10%, pero cuando superen dicha cantidad, podr\u00e1s obtener el 15% de las ganancias. Este descuento se aplica con el cup\u00f3n espec\u00edfico que creemos para ti en tus pedidos.<\/p>\t\t\t\t\t\t<\/div>\n\t\t\t\t<\/div>\n\t\t\t\t<div class=\"elementor-element elementor-element-c7bcb20 elementor-widget elementor-widget-image\" data-id=\"c7bcb20\" data-element_type=\"widget\" data-widget_type=\"image.default\">\n\t\t\t\t<div class=\"elementor-widget-container\">\n\t\t\t\t\t\t\t\t\t\t\t\t\t\t\t<img width=\"1920\" height=\"850\" src=\"https:\/\/dev.dropalia.com\/jugueterosa\/wp-content\/uploads\/2021\/05\/tuppersex-beneficios-descuentos.jpg\" class=\"attachment-full size-full\" alt=\"\" loading=\"lazy\" srcset=\"https:\/\/dev.dropalia.com\/jugueterosa\/wp-content\/uploads\/2021\/05\/tuppersex-beneficios-descuentos.jpg 1920w, https:\/\/dev.dropalia.com\/jugueterosa\/wp-content\/uploads\/2021\/05\/tuppersex-beneficios-descuentos-300x133.jpg 300w, https:\/\/dev.dropalia.com\/jugueterosa\/wp-content\/uploads\/2021\/05\/tuppersex-beneficios-descuentos-1024x453.jpg 1024w, https:\/\/dev.dropalia.com\/jugueterosa\/wp-content\/uploads\/2021\/05\/tuppersex-beneficios-descuentos-768x340.jpg 768w, https:\/\/dev.dropalia.com\/jugueterosa\/wp-content\/uploads\/2021\/05\/tuppersex-beneficios-descuentos-1536x680.jpg 1536w, https:\/\/dev.dropalia.com\/jugueterosa\/wp-content\/uploads\/2021\/05\/tuppersex-beneficios-descuentos-600x266.jpg 600w\" sizes=\"(max-width: 1920px) 100vw, 1920px\" \/>\t\t\t\t\t\t\t\t\t\t\t\t\t\t\t<\/div>\n\t\t\t\t<\/div>\n\t\t\t\t<div class=\"elementor-element elementor-element-50074da color-scheme-inherit text-left elementor-widget elementor-widget-text-editor\" data-id=\"50074da\" data-element_type=\"widget\" data-widget_type=\"text-editor.default\">\n\t\t\t\t<div class=\"elementor-widget-container\">\n\t\t\t\t\t\t\t\t<p>Cuantas m\u00e1s amigas conozcan los productos de Juguete Rosa, m\u00e1s encargos recibir\u00e1s y a m\u00e1s personas se lo contar\u00e1n para pedirte nuevos juguetes. Por lo tanto, s\u00f3lo puedes ir sumando beneficios.<\/p>\t\t\t\t\t\t<\/div>\n\t\t\t\t<\/div>\n\t\t\t\t\t<\/div>\n\t\t<\/div>\n\t\t\t\t\t\t\t<\/div>\n\t\t<\/section>\n\t\t\t\t<section class=\"elementor-section elementor-top-section elementor-element elementor-element-982a88e elementor-section-boxed elementor-section-height-default elementor-section-height-default wd-section-disabled\" data-id=\"982a88e\" data-element_type=\"section\">\n\t\t\t\t\t\t<div class=\"elementor-container elementor-column-gap-default\">\n\t\t\t\t\t<div class=\"elementor-column elementor-col-100 elementor-top-column elementor-element elementor-element-7aa9660\" data-id=\"7aa9660\" data-element_type=\"column\">\n\t\t\t<div class=\"elementor-widget-wrap elementor-element-populated\">\n\t\t\t\t\t\t\t\t<div class=\"elementor-element elementor-element-d4765c6 elementor-widget elementor-widget-heading\" data-id=\"d4765c6\" data-element_type=\"widget\" data-widget_type=\"heading.default\">\n\t\t\t\t<div class=\"elementor-widget-container\">\n\t\t\t<h2 class=\"elementor-heading-title elementor-size-default\">\u00bfC\u00f3mo realizo los pedidos?\n<\/h2>\t\t<\/div>\n\t\t\t\t<\/div>\n\t\t\t\t<div class=\"elementor-element elementor-element-85e30c5 color-scheme-inherit text-left elementor-widget elementor-widget-text-editor\" data-id=\"85e30c5\" data-element_type=\"widget\" data-widget_type=\"text-editor.default\">\n\t\t\t\t<div class=\"elementor-widget-container\">\n\t\t\t\t\t\t\t\t<p>Las asistentes al tuppersex pueden pedirte en ese momento los productos que quieran, pero tu puedes gestionarlo en la misma reuni\u00f3n o apuntar las referencias para realizar m\u00e1s tarde el pedido con todos los juguetes que han ido a\u00f1adiendo.\u00a0<strong>La forma de pago de las asistentes lo decides t\u00fa para que sea lo m\u00e1s flexible para ti posible.<\/strong><\/p><p>Una vez que hayas reunido todos los juguetes pedidos, s\u00f3lo tienes que a\u00f1adirlos todos al carrito e introducir tus datos de contacto y direcci\u00f3n de env\u00edo. Adem\u00e1s, escoger\u00e1s el m\u00e9todo de pago que creas oportuno (transferencia, contrareembolso, paypal o tarjeta de cr\u00e9dito).<\/p><p>En ese mismo carrito tambi\u00e9n aparecer\u00e1 la opci\u00f3n de a\u00f1adir un cup\u00f3n descuento al pedido sin IVA que ser\u00e1 el que previamente nosotros te hayamos hecho llegar.<\/p><p>Si quieres montar un tuppersex, s\u00f3lo tienes que darnos tu nombre y un email y nos pondremos en contacto contigo:<\/p>\t\t\t\t\t\t<\/div>\n\t\t\t\t<\/div>\n\t\t\t\t<div class=\"elementor-element elementor-element-648efd8 eael-contact-form-7-button-align-left eael-contact-form-7-button-custom elementor-widget elementor-widget-eael-contact-form-7\" data-id=\"648efd8\" data-element_type=\"widget\" data-widget_type=\"eael-contact-form-7.default\">\n\t\t\t\t<div class=\"elementor-widget-container\">\n\t\t\t<div class=\"eael-contact-form-7-wrapper\">\n                <div class=\"eael-contact-form eael-contact-form-7 eael-contact-form-648efd8 placeholder-show eael-custom-radio-checkbox eael-contact-form-align-left\"><div role=\"form\" class=\"wpcf7\" id=\"wpcf7-f6652-o1\" lang=\"es-ES\" dir=\"ltr\">\n<div class=\"screen-reader-response\"><p role=\"status\" aria-live=\"polite\" aria-atomic=\"true\"><\/p> <ul><\/ul><\/div>\n<form action=\"\/jugueterosa\/wp-json\/wp\/v2\/pages\/6547\/#wpcf7-f6652-o1\" method=\"post\" class=\"wpcf7-form init\" novalidate=\"novalidate\" data-status=\"init\">\n<div style=\"display: none;\">\n<input type=\"hidden\" name=\"_wpcf7\" value=\"6652\" \/>\n<input type=\"hidden\" name=\"_wpcf7_version\" value=\"5.4.1\" \/>\n<input type=\"hidden\" name=\"_wpcf7_locale\" value=\"es_ES\" \/>\n<input type=\"hidden\" name=\"_wpcf7_unit_tag\" value=\"wpcf7-f6652-o1\" \/>\n<input type=\"hidden\" name=\"_wpcf7_container_post\" value=\"0\" \/>\n<input type=\"hidden\" name=\"_wpcf7_posted_data_hash\" value=\"\" \/>\n<\/div>\n<div class=\"row\">\n<div class=\"col-lg\">\n<p><span class=\"wpcf7-form-control-wrap nombre\"><input type=\"text\" name=\"nombre\" value=\"\" size=\"40\" class=\"wpcf7-form-control wpcf7-text wpcf7-validates-as-required\" aria-required=\"true\" aria-invalid=\"false\" placeholder=\"Nombre\" \/><\/span><\/p>\n<\/div>\n<div class=\"col-lg\">\n<p><span class=\"wpcf7-form-control-wrap Your\"><input type=\"email\" name=\"Your\" value=\"\" size=\"40\" class=\"wpcf7-form-control wpcf7-text wpcf7-email wpcf7-validates-as-required wpcf7-validates-as-email\" aria-required=\"true\" aria-invalid=\"false\" placeholder=\"Tu email\" \/><\/span><\/p>\n<\/div>\n<div class=\"col-lg-auto\">\n<p><input type=\"submit\" value=\"Enviar\" class=\"wpcf7-form-control wpcf7-submit btn btn-color-primary tuppersex\" \/><\/p>\n<\/div>\n<\/div>\n<div class=\"acepto\">\n<p class=\"acepta\" style=\"font-size:12px;\"><span class=\"wpcf7-form-control-wrap politica-priv\"><span class=\"wpcf7-form-control wpcf7-acceptance\"><span class=\"wpcf7-list-item\"><label><input type=\"checkbox\" name=\"politica-priv\" value=\"1\" aria-invalid=\"false\" \/><span class=\"wpcf7-list-item-label\">He le\u00eddo y acepto la<a href=\"https:\/\/dev.dropalia.com\/jugueterosa\/politica-de-privacidad\/\" target=\"_blank\"> pol\u00edtica de privacidad<\/a><\/span><\/label><\/span><\/span><\/span><\/p>\n<\/div>\n<div class=\"wpcf7-response-output\" aria-hidden=\"true\"><\/div><\/form><\/div><\/div>\n            <\/div>\t\t<\/div>\n\t\t\t\t<\/div>\n\t\t\t\t\t<\/div>\n\t\t<\/div>\n\t\t\t\t\t\t\t<\/div>\n\t\t<\/section>\n\t\t\t\t\t\t<\/div>\n\t\t\t\t\t<\/div>\n\t\t","protected":false},"excerpt":{"rendered":"<p>TUPPERSEX EN JUGUETE ROSA Una reuni\u00f3n de amigas, una quedada con tus compa\u00f1eros de trabajo o cualquier otro momento puede<\/p>\n","protected":false},"author":3,"featured_media":0,"parent":0,"menu_order":0,"comment_status":"closed","ping_status":"closed","template":"","meta":[],"_links":{"self":[{"href":"https:\/\/dev.dropalia.com\/jugueterosa\/wp-json\/wp\/v2\/pages\/6547"}],"collection":[{"href":"https:\/\/dev.dropalia.com\/jugueterosa\/wp-json\/wp\/v2\/pages"}],"about":[{"href":"https:\/\/dev.dropalia.com\/jugueterosa\/wp-json\/wp\/v2\/types\/page"}],"author":[{"embeddable":true,"href":"https:\/\/dev.dropalia.com\/jugueterosa\/wp-json\/wp\/v2\/users\/3"}],"replies":[{"embeddable":true,"href":"https:\/\/dev.dropalia.com\/jugueterosa\/wp-json\/wp\/v2\/comments?post=6547"}],"version-history":[{"count":0,"href":"https:\/\/dev.dropalia.com\/jugueterosa\/wp-json\/wp\/v2\/pages\/6547\/revisions"}],"wp:attachment":[{"href":"https:\/\/dev.dropalia.com\/jugueterosa\/wp-json\/wp\/v2\/media?parent=6547"}],"curies":[{"name":"wp","href":"https:\/\/api.w.org\/{rel}","templated":true}]}}