{"id":6565,"date":"2021-05-05T14:10:16","date_gmt":"2021-05-05T12:10:16","guid":{"rendered":"https:\/\/dev.dropalia.com\/jugueterosa\/?page_id=6565"},"modified":"2021-05-07T14:33:43","modified_gmt":"2021-05-07T12:33:43","slug":"influencers","status":"publish","type":"page","link":"https:\/\/dev.dropalia.com\/jugueterosa\/influencers\/","title":{"rendered":"Influencers"},"content":{"rendered":"\t\t<div data-elementor-type=\"wp-page\" data-elementor-id=\"6565\" class=\"elementor elementor-6565\" data-elementor-settings=\"[]\">\n\t\t\t\t\t\t\t<div class=\"elementor-section-wrap\">\n\t\t\t\t\t\t\t<section class=\"elementor-section elementor-top-section elementor-element elementor-element-0d07f99 elementor-section-boxed elementor-section-height-default elementor-section-height-default wd-section-disabled\" data-id=\"0d07f99\" data-element_type=\"section\">\n\t\t\t\t\t\t<div class=\"elementor-container elementor-column-gap-default\">\n\t\t\t\t\t<div class=\"elementor-column elementor-col-100 elementor-top-column elementor-element elementor-element-4e621c1\" data-id=\"4e621c1\" data-element_type=\"column\">\n\t\t\t<div class=\"elementor-widget-wrap elementor-element-populated\">\n\t\t\t\t\t\t\t\t<div class=\"elementor-element elementor-element-70b6050 elementor-widget elementor-widget-heading\" data-id=\"70b6050\" data-element_type=\"widget\" data-widget_type=\"heading.default\">\n\t\t\t\t<div class=\"elementor-widget-container\">\n\t\t\t<h1 class=\"elementor-heading-title elementor-size-default\">INFLUENCERS<\/h1>\t\t<\/div>\n\t\t\t\t<\/div>\n\t\t\t\t<div class=\"elementor-element elementor-element-df18512 elementor-widget elementor-widget-heading\" data-id=\"df18512\" data-element_type=\"widget\" data-widget_type=\"heading.default\">\n\t\t\t\t<div class=\"elementor-widget-container\">\n\t\t\t<p class=\"elementor-heading-title elementor-size-default\">Tus consejos har\u00e1n tocar el cielo<\/p>\t\t<\/div>\n\t\t\t\t<\/div>\n\t\t\t\t<div class=\"elementor-element elementor-element-3d0f36f color-scheme-inherit text-left elementor-widget elementor-widget-text-editor\" data-id=\"3d0f36f\" data-element_type=\"widget\" data-widget_type=\"text-editor.default\">\n\t\t\t\t<div class=\"elementor-widget-container\">\n\t\t\t\t\t\t\t\t<p>Buscamos probadores de juguetes que quieran mostrar al mundo lo divertidos, sensuales y excitantes que son nuestros productos.<\/p>\t\t\t\t\t\t<\/div>\n\t\t\t\t<\/div>\n\t\t\t\t\t<\/div>\n\t\t<\/div>\n\t\t\t\t\t\t\t<\/div>\n\t\t<\/section>\n\t\t\t\t<section class=\"elementor-section elementor-top-section elementor-element elementor-element-38d4422 elementor-section-boxed elementor-section-height-default elementor-section-height-default wd-section-disabled\" data-id=\"38d4422\" data-element_type=\"section\">\n\t\t\t\t\t\t<div class=\"elementor-container elementor-column-gap-default\">\n\t\t\t\t\t<div class=\"elementor-column elementor-col-100 elementor-top-column elementor-element elementor-element-97c821b\" data-id=\"97c821b\" data-element_type=\"column\">\n\t\t\t<div class=\"elementor-widget-wrap elementor-element-populated\">\n\t\t\t\t\t\t\t\t<div class=\"elementor-element elementor-element-78e157a elementor-widget elementor-widget-image\" data-id=\"78e157a\" data-element_type=\"widget\" data-widget_type=\"image.default\">\n\t\t\t\t<div class=\"elementor-widget-container\">\n\t\t\t\t\t\t\t\t\t\t\t\t\t\t\t<img width=\"1920\" height=\"850\" src=\"https:\/\/dev.dropalia.com\/jugueterosa\/wp-content\/uploads\/2021\/05\/influencer-jugueterosa.jpg\" class=\"attachment-full size-full\" alt=\"\" loading=\"lazy\" srcset=\"https:\/\/dev.dropalia.com\/jugueterosa\/wp-content\/uploads\/2021\/05\/influencer-jugueterosa.jpg 1920w, https:\/\/dev.dropalia.com\/jugueterosa\/wp-content\/uploads\/2021\/05\/influencer-jugueterosa-300x133.jpg 300w, https:\/\/dev.dropalia.com\/jugueterosa\/wp-content\/uploads\/2021\/05\/influencer-jugueterosa-1024x453.jpg 1024w, https:\/\/dev.dropalia.com\/jugueterosa\/wp-content\/uploads\/2021\/05\/influencer-jugueterosa-768x340.jpg 768w, https:\/\/dev.dropalia.com\/jugueterosa\/wp-content\/uploads\/2021\/05\/influencer-jugueterosa-1536x680.jpg 1536w, https:\/\/dev.dropalia.com\/jugueterosa\/wp-content\/uploads\/2021\/05\/influencer-jugueterosa-600x266.jpg 600w\" sizes=\"(max-width: 1920px) 100vw, 1920px\" \/>\t\t\t\t\t\t\t\t\t\t\t\t\t\t\t<\/div>\n\t\t\t\t<\/div>\n\t\t\t\t\t<\/div>\n\t\t<\/div>\n\t\t\t\t\t\t\t<\/div>\n\t\t<\/section>\n\t\t\t\t<section class=\"elementor-section elementor-top-section elementor-element elementor-element-3a8a490 elementor-section-boxed elementor-section-height-default elementor-section-height-default wd-section-disabled\" data-id=\"3a8a490\" data-element_type=\"section\">\n\t\t\t\t\t\t<div class=\"elementor-container elementor-column-gap-default\">\n\t\t\t\t\t<div class=\"elementor-column elementor-col-100 elementor-top-column elementor-element elementor-element-65defc1\" data-id=\"65defc1\" data-element_type=\"column\">\n\t\t\t<div class=\"elementor-widget-wrap elementor-element-populated\">\n\t\t\t\t\t\t\t\t<div class=\"elementor-element elementor-element-e69de57 elementor-widget elementor-widget-heading\" data-id=\"e69de57\" data-element_type=\"widget\" data-widget_type=\"heading.default\">\n\t\t\t\t<div class=\"elementor-widget-container\">\n\t\t\t<h2 class=\"elementor-heading-title elementor-size-default\">\u00bfCu\u00e1les son los requisitos para ser una probadora de juguetes er\u00f3ticos?\n<\/h2>\t\t<\/div>\n\t\t\t\t<\/div>\n\t\t\t\t<div class=\"elementor-element elementor-element-4d9c079 color-scheme-inherit text-left elementor-widget elementor-widget-text-editor\" data-id=\"4d9c079\" data-element_type=\"widget\" data-widget_type=\"text-editor.default\">\n\t\t\t\t<div class=\"elementor-widget-container\">\n\t\t\t\t\t\t\t\t<p><strong>Las probadoras de juguetes tienen que datar sus experiencias en Youtube a trav\u00e9s de v\u00eddeos er\u00f3ticos y did\u00e1cticos\u00a0<\/strong>(no pornos) en los que se muestren todas las caracter\u00edsticas de ellos. Por lo tanto, deben tener cierta\u00a0<strong>experiencia con la comunicaci\u00f3n oral y expresiva a trav\u00e9s de v\u00eddeo.<\/strong><\/p><p>Por otra parte, es necesario que tengan un\u00a0<strong>perfil ya creado en Youtube<\/strong> y podamos ver algunos de sus v\u00eddeos subidos, aunque sean de tem\u00e1tica diferente a la nuestra.<\/p><p>Una vez que est\u00e9s dentro de nuestro equipo, podremos poner en com\u00fan las impresiones sobre los diferentes productos y escoger juntos aquellos que m\u00e1s nos interesen mostrar. Te haremos llegar los seleccionados para que puedas poner la c\u00e1mara en marcha.<\/p>\t\t\t\t\t\t<\/div>\n\t\t\t\t<\/div>\n\t\t\t\t\t<\/div>\n\t\t<\/div>\n\t\t\t\t\t\t\t<\/div>\n\t\t<\/section>\n\t\t\t\t<section class=\"elementor-section elementor-top-section elementor-element elementor-element-4e64ec7 elementor-section-boxed elementor-section-height-default elementor-section-height-default wd-section-disabled\" data-id=\"4e64ec7\" data-element_type=\"section\">\n\t\t\t\t\t\t<div class=\"elementor-container elementor-column-gap-default\">\n\t\t\t\t\t<div class=\"elementor-column elementor-col-100 elementor-top-column elementor-element elementor-element-0de03be\" data-id=\"0de03be\" data-element_type=\"column\">\n\t\t\t<div class=\"elementor-widget-wrap elementor-element-populated\">\n\t\t\t\t\t\t\t\t<div class=\"elementor-element elementor-element-e428894 elementor-widget elementor-widget-heading\" data-id=\"e428894\" data-element_type=\"widget\" data-widget_type=\"heading.default\">\n\t\t\t\t<div class=\"elementor-widget-container\">\n\t\t\t<h2 class=\"elementor-heading-title elementor-size-default\">\u00bfC\u00f3mo contacto para ser probadora de juguetes?\n<\/h2>\t\t<\/div>\n\t\t\t\t<\/div>\n\t\t\t\t<div class=\"elementor-element elementor-element-47010b5 color-scheme-inherit text-left elementor-widget elementor-widget-text-editor\" data-id=\"47010b5\" data-element_type=\"widget\" data-widget_type=\"text-editor.default\">\n\t\t\t\t<div class=\"elementor-widget-container\">\n\t\t\t\t\t\t\t\t<p>Si est\u00e1s interesado\/a, danos tu nombre y tu email preferido y nos pondremos en contacto contigo para explicarte m\u00e1s:<\/p>\t\t\t\t\t\t<\/div>\n\t\t\t\t<\/div>\n\t\t\t\t<div class=\"elementor-element elementor-element-1ba4c81 eael-contact-form-7-button-align-left eael-contact-form-7-button-custom elementor-widget elementor-widget-eael-contact-form-7\" data-id=\"1ba4c81\" data-element_type=\"widget\" data-widget_type=\"eael-contact-form-7.default\">\n\t\t\t\t<div class=\"elementor-widget-container\">\n\t\t\t<div class=\"eael-contact-form-7-wrapper\">\n                <div class=\"eael-contact-form eael-contact-form-7 eael-contact-form-1ba4c81 placeholder-show eael-custom-radio-checkbox eael-contact-form-align-left\"><div role=\"form\" class=\"wpcf7\" id=\"wpcf7-f6650-o1\" lang=\"es-ES\" dir=\"ltr\">\n<div class=\"screen-reader-response\"><p role=\"status\" aria-live=\"polite\" aria-atomic=\"true\"><\/p> <ul><\/ul><\/div>\n<form action=\"\/jugueterosa\/wp-json\/wp\/v2\/pages\/6565\/#wpcf7-f6650-o1\" method=\"post\" class=\"wpcf7-form init\" novalidate=\"novalidate\" data-status=\"init\">\n<div style=\"display: none;\">\n<input type=\"hidden\" name=\"_wpcf7\" value=\"6650\" \/>\n<input type=\"hidden\" name=\"_wpcf7_version\" value=\"5.4.1\" \/>\n<input type=\"hidden\" name=\"_wpcf7_locale\" value=\"es_ES\" \/>\n<input type=\"hidden\" name=\"_wpcf7_unit_tag\" value=\"wpcf7-f6650-o1\" \/>\n<input type=\"hidden\" name=\"_wpcf7_container_post\" value=\"0\" \/>\n<input type=\"hidden\" name=\"_wpcf7_posted_data_hash\" value=\"\" \/>\n<\/div>\n<div class=\"row\">\n<div class=\"col-lg\">\n<p><span class=\"wpcf7-form-control-wrap nombre\"><input type=\"text\" name=\"nombre\" value=\"\" size=\"40\" class=\"wpcf7-form-control wpcf7-text wpcf7-validates-as-required\" aria-required=\"true\" aria-invalid=\"false\" placeholder=\"Nombre\" \/><\/span><\/p>\n<\/div>\n<div class=\"col-lg\">\n<p><span class=\"wpcf7-form-control-wrap Your\"><input type=\"email\" name=\"Your\" value=\"\" size=\"40\" class=\"wpcf7-form-control wpcf7-text wpcf7-email wpcf7-validates-as-required wpcf7-validates-as-email\" aria-required=\"true\" aria-invalid=\"false\" placeholder=\"Tu email\" \/><\/span><\/p>\n<\/div>\n<div class=\"col-lg-auto\">\n<p><input type=\"submit\" value=\"Enviar\" class=\"wpcf7-form-control wpcf7-submit btn btn-color-primary influencers\" \/><\/p>\n<\/div>\n<\/div>\n<div class=\"acepto\">\n<p class=\"acepta\" style=\"font-size:12px;\"><span class=\"wpcf7-form-control-wrap politica-priv\"><span class=\"wpcf7-form-control wpcf7-acceptance\"><span class=\"wpcf7-list-item\"><label><input type=\"checkbox\" name=\"politica-priv\" value=\"1\" aria-invalid=\"false\" \/><span class=\"wpcf7-list-item-label\">He le\u00eddo y acepto la<a href=\"https:\/\/dev.dropalia.com\/jugueterosa\/politica-de-privacidad\/\" target=\"_blank\"> pol\u00edtica de privacidad<\/a><\/span><\/label><\/span><\/span><\/span><\/p>\n<\/div>\n<div class=\"wpcf7-response-output\" aria-hidden=\"true\"><\/div><\/form><\/div><\/div>\n            <\/div>\t\t<\/div>\n\t\t\t\t<\/div>\n\t\t\t\t<div class=\"elementor-element elementor-element-95e230c color-scheme-inherit text-left elementor-widget elementor-widget-text-editor\" data-id=\"95e230c\" data-element_type=\"widget\" data-widget_type=\"text-editor.default\">\n\t\t\t\t<div class=\"elementor-widget-container\">\n\t\t\t\t\t\t\t\t<p>Tambi\u00e9n puedes enviarnos un correo electr\u00f3nico a <a href=\"mailto:info@jugueterosa.com\"><span style=\"color: #fe4a6b;\"><strong>info@jugueterosa.com<\/strong><\/span><\/a>\u00a0con un peque\u00f1o v\u00eddeo en el que te presentes y el enlace a tu perfil de Youtube. Tras recibir el email, nos pondremos en contacto contigo en la m\u00e1xima brevedad posible.<\/p>\t\t\t\t\t\t<\/div>\n\t\t\t\t<\/div>\n\t\t\t\t\t<\/div>\n\t\t<\/div>\n\t\t\t\t\t\t\t<\/div>\n\t\t<\/section>\n\t\t\t\t\t\t<\/div>\n\t\t\t\t\t<\/div>\n\t\t","protected":false},"excerpt":{"rendered":"<p>INFLUENCERS Tus consejos har\u00e1n tocar el cielo Buscamos probadores de juguetes que quieran mostrar al mundo lo divertidos, sensuales y<\/p>\n","protected":false},"author":3,"featured_media":0,"parent":0,"menu_order":0,"comment_status":"closed","ping_status":"closed","template":"","meta":[],"_links":{"self":[{"href":"https:\/\/dev.dropalia.com\/jugueterosa\/wp-json\/wp\/v2\/pages\/6565"}],"collection":[{"href":"https:\/\/dev.dropalia.com\/jugueterosa\/wp-json\/wp\/v2\/pages"}],"about":[{"href":"https:\/\/dev.dropalia.com\/jugueterosa\/wp-json\/wp\/v2\/types\/page"}],"author":[{"embeddable":true,"href":"https:\/\/dev.dropalia.com\/jugueterosa\/wp-json\/wp\/v2\/users\/3"}],"replies":[{"embeddable":true,"href":"https:\/\/dev.dropalia.com\/jugueterosa\/wp-json\/wp\/v2\/comments?post=6565"}],"version-history":[{"count":0,"href":"https:\/\/dev.dropalia.com\/jugueterosa\/wp-json\/wp\/v2\/pages\/6565\/revisions"}],"wp:attachment":[{"href":"https:\/\/dev.dropalia.com\/jugueterosa\/wp-json\/wp\/v2\/media?parent=6565"}],"curies":[{"name":"wp","href":"https:\/\/api.w.org\/{rel}","templated":true}]}}